{"id":252,"date":"2024-09-11T15:45:14","date_gmt":"2024-09-11T15:45:14","guid":{"rendered":"https:\/\/rushpdf.com\/?page_id=252"},"modified":"2025-05-08T11:07:41","modified_gmt":"2025-05-08T11:07:41","slug":"pdf-to-excel","status":"publish","type":"page","link":"https:\/\/rushpdf.com\/es\/pdf-a-excel\/","title":{"rendered":"Convertir PDF a Excel o CSV"},"content":{"rendered":"<section class=\"py-6 lg:py-12  relative block   acf-upload\">\r\n\t<div class=\"inside_acf-upload\">\r\n\r\n\t\t<div class=\"max-w-screen-xl mx-auto z-10 relative  px-[24px] container\">\r\n    \r\n        \r\n\r\n    \t<div class=\"flex flex-col items-center justify-between lg:py-18  layout_stacked\">\r\n        <div class=\"w-full  upload_side left\">\r\n             \r\n\r\n\r\n<h1 class=\"h2 lg:h1 text-center lg:text-center mb-[0.3em]  font-bold\">\r\n    Convertir PDF a Excel o CSV<\/h1>\r\n\r\n    <p class=\"mb-[2em] h4 lg:h3 text-center lg:text-center  font-bold subtitle\">\r\n        Convierta sin esfuerzo sus archivos PDF a Excel o CSV en unos pocos clics    <\/p>\r\n        <\/div>\r\n        <div class=\"w-full mt-0  upload_side right\">\r\n            <div class=\"bg-white rounded-md shadow-brandSmall w-full lg:w-fit lg:mx-auto p-6 lg:p-8 drop_zone\" id=\"drop_zone_block_977c7535a10ca41442051415e164696c\" data-url=\"https:\/\/rushpdf.com\/app\/dashboard\/documents\/new\" data-url-after=\"&#038;convert=xlsx\">\r\n    <div class=\"error-message bg-[#FDF6F6] items-center border-[#DB4E4E] border rounded-md p-4 gap-3 mb-6\">\r\n        <img decoding=\"async\" src=\"https:\/\/rushpdf.com\/wp-content\/themes\/rushpdf\/images\/info.svg\" class=\"w-6 h-6 shrink-0\" \/>\r\n        <p class=\"grow text-[#DB4E4E] text-base\">Carga fallida: Aseg\u00farese de que su archivo tiene un formato v\u00e1lido y pesa menos de 90 MB.<\/p>\r\n    <\/div>\r\n\t\t<div class=\"dropper rounded-md flex flex-col justify-center text-center p-6 lg:p-8 relative\" style=\"\">\r\n\t\t\t\t\t<svg class=\"upload-icon w-24 mx-auto mb-8 lg:mb-6\" data-name=\"Layer 1\" xmlns=\"http:\/\/www.w3.org\/2000\/svg\" viewbox=\"0 0 81 75\" alt=\"Upload files\">\r\n\t\t\t\t<path d=\"M80.16,20.83H.5v-3.33C.5,8.31,7.98.83,17.17.83h8.43c1.54,0,3.09.36,4.47,1.05l10.52,5.26c.46.23.98.35,1.49.35h21.76c8.05,0,14.78,5.74,16.33,13.34ZM80.5,27.5v30c0,9.19-7.48,16.67-16.67,16.67H17.17c-9.19,0-16.67-7.48-16.67-16.67v-30h80ZM52.86,42.43l-5.38-5.38c-3.85-3.85-10.11-3.85-13.96,0l-5.38,5.38c-3.07,3.1,1.62,7.78,4.71,4.71l4.31-4.31v21.33c.02,4.36,6.65,4.36,6.67,0v-21.33l4.31,4.31c3.1,3.07,7.78-1.62,4.71-4.71Z\"\/>\r\n\t\t\t<\/svg>\r\n\t\t\r\n        <h3 class=\"h3 text-brandDarkGray font-bold mb-3 lg:mb-8 lg:block\">Arrastre y suelte el documento aqu\u00ed para cargarlo<\/h3>\r\n        <p class=\"h6 text-brandGray upload_instructions\">\r\n\r\n            \r\n                S\u00f3lo\r\n                                    PDF (&lt; 90 MB) permitido\r\n\r\n                    <\/p>\r\n        <form action=\"https:\/\/rushpdf.com\/wp-admin\/admin-post.php\" method=\"post\" enctype=\"multipart\/form-data\" class=\"upload-form relative z-20 w-full mx-auto\">\r\n\t\t\t<label class=\"btn-primary block w-full lg:w-fit mx-auto cursor-pointer upload_button\" style=\"\">\r\n                                    <input type=\"file\" name=\"file\" class=\"hidden fileUpload\" id=\"fileUpload_block_977c7535a10ca41442051415e164696c\" accept=\"application\/pdf\" data-size-limit=\"90\" >\r\n                                Cargar desde el dispositivo            <\/label>\r\n            <input type=\"hidden\" name=\"action\" value=\"s3_upload_file\">\r\n            <input type=\"hidden\" name=\"upload_form_nonce\" value=\"11fc8f8e24\">\r\n\r\n            <p class=\"my-3 text-center text-brandGray\" id=\"form-output_block_977c7535a10ca41442051415e164696c\"><\/p>\r\n\r\n        <\/form>\r\n        <div class=\"w-full h-full absolute top-0 left-0 z-10 dropHandlerElement\" data-dropzone=\"drop_zone_block_977c7535a10ca41442051415e164696c\">\r\n        <\/div>\r\n        <div class=\"loader z-30 flex-col gap-4 items-center justify-center w-full h-full absolute top-0 left-0 bg-white text-2xl font-bold rounded-lg\">\r\n            <img decoding=\"async\" src=\"https:\/\/rushpdf.com\/wp-content\/themes\/rushpdf\/images\/loader.svg\" class=\"w-24 h-24\" \/>\r\n            <span id=\"loadingText\">Cargando...<\/span>\r\n        <\/div>\r\n    <\/div>\r\n<\/div>\r\n        <\/div>\r\n    <\/div>\r\n\r\n\t\t<\/div>\r\n    <\/div>\r\n<\/section>\r\n\n\n\r\n\r\n<section class=\"py-10 lg:py-16  relative block   acf-content\">\r\n\t<div class=\"inside_acf-content\">\r\n\r\n\t\t<div class=\"max-w-screen-xl mx-auto z-10 relative  px-[24px] container\">\r\n    \r\n        \r\n\r\n     \r\n\r\n\r\n<h2 class=\"h3 lg:h2 text-center lg:text-center mb-[1em]  font-bold\">\r\n    C\u00f3mo convertir PDF a Excel o CSV gratis<\/h2>\r\n\r\n    <p class=\"mb-[1.5em] h5 lg:h3 text-left lg:text-center text-brandMediumGray font-bold subtitle\">\r\n        Convierta sus PDF en archivos Excel o CSV editables al instante. Ideal para profesionales y analistas, nuestra herramienta avanzada conserva el formato de sus datos, garantizando que las tablas, los gr\u00e1ficos y la informaci\u00f3n se transformen con precisi\u00f3n en hojas de c\u00e1lculo din\u00e1micas.    <\/p>\r\n\r\n    \r\n    \r\n\t\t<\/div>\r\n    <\/div>\r\n<\/section>\r\n\n\n\r\n\r\n<section class=\"relative block   acf-content-with-image\">\r\n\t<div class=\"inside_acf-content-with-image\">\r\n\r\n\t\t<div class=\"max-w-screen-xl mx-auto z-10 relative  px-[24px] container\">\r\n    \r\n        \r\n\r\n    <div class=\"flex flex-col items-center pt-10 pb-12 lg:flex-row\">\r\n        <div class=\"w-full lg:w-6\/12 mb-6 lg:pr-12\">\r\n                            <div class=\"w-full h-auto bg-brandSnowGray rounded-md\">\r\n                    <img loading=\"lazy\" decoding=\"async\" width=\"3330\" height=\"1394\" src=\"https:\/\/rushpdf.com\/wp-content\/uploads\/2024\/10\/Add-file-to-convert-from-pdf-to-excel.png\" class=\"attachment-full size-full\" alt=\"una ventana emergente titulada &quot;A\u00f1ada su archivo&quot; que permite a los usuarios cargar documentos pdf para convertirlos en excel o csv\" srcset=\"https:\/\/rushpdf.com\/wp-content\/uploads\/2024\/10\/Add-file-to-convert-from-pdf-to-excel.png 3330w, https:\/\/rushpdf.com\/wp-content\/uploads\/2024\/10\/Add-file-to-convert-from-pdf-to-excel-300x126.png 300w, https:\/\/rushpdf.com\/wp-content\/uploads\/2024\/10\/Add-file-to-convert-from-pdf-to-excel-1024x429.png 1024w, https:\/\/rushpdf.com\/wp-content\/uploads\/2024\/10\/Add-file-to-convert-from-pdf-to-excel-768x321.png 768w, https:\/\/rushpdf.com\/wp-content\/uploads\/2024\/10\/Add-file-to-convert-from-pdf-to-excel-1536x643.png 1536w, https:\/\/rushpdf.com\/wp-content\/uploads\/2024\/10\/Add-file-to-convert-from-pdf-to-excel-2048x857.png 2048w\" sizes=\"auto, (max-width: 3330px) 100vw, 3330px\" \/>                <\/div>\r\n                    <\/div>\r\n        <div class=\"w-full lg:w-6\/12\">\r\n             \r\n\r\n\r\n\r\n\r\n                            <div class=\"prose\">\r\n                    <h3>Paso 1: Cargue su PDF<\/h3>\n<p>Arrastra y suelta tu PDF en el conversor, o haz clic en el bot\u00f3n \"Cargar\" para buscar y seleccionar el archivo desde tu dispositivo.<\/p>\n<h3>Paso 2: Elija el formato de salida<\/h3>\n<p>Seleccione si desea convertir su PDF en un archivo Excel (.xlsx) o CSV (.csv), en funci\u00f3n de sus necesidades espec\u00edficas.<\/p>\n                <\/div>\r\n            \r\n                    <\/div>\r\n    <\/div>\r\n\r\n\t\t<\/div>\r\n    <\/div>\r\n<\/section>\r\n\n\n\r\n\r\n<section class=\"relative block   acf-content-with-image\">\r\n\t<div class=\"inside_acf-content-with-image\">\r\n\r\n\t\t<div class=\"max-w-screen-xl mx-auto z-10 relative  px-[24px] container\">\r\n    \r\n        \r\n\r\n    <div class=\"flex flex-col items-center pt-10 pb-12 lg:flex-row-reverse\">\r\n        <div class=\"w-full lg:w-6\/12 mb-6 lg:pl-12\">\r\n                            <div class=\"w-full h-auto bg-brandSnowGray rounded-md\">\r\n                    <img loading=\"lazy\" decoding=\"async\" width=\"3408\" height=\"1698\" src=\"https:\/\/rushpdf.com\/wp-content\/uploads\/2024\/10\/convert-pdf-to-excel-or-csv.png\" class=\"attachment-full size-full\" alt=\"una ventana emergente titulada &quot;Su documento est\u00e1 casi listo&quot; que permite a los usuarios elegir el formato en el que desean convertir el documento\" srcset=\"https:\/\/rushpdf.com\/wp-content\/uploads\/2024\/10\/convert-pdf-to-excel-or-csv.png 3408w, https:\/\/rushpdf.com\/wp-content\/uploads\/2024\/10\/convert-pdf-to-excel-or-csv-300x149.png 300w, https:\/\/rushpdf.com\/wp-content\/uploads\/2024\/10\/convert-pdf-to-excel-or-csv-1024x510.png 1024w, https:\/\/rushpdf.com\/wp-content\/uploads\/2024\/10\/convert-pdf-to-excel-or-csv-768x383.png 768w, https:\/\/rushpdf.com\/wp-content\/uploads\/2024\/10\/convert-pdf-to-excel-or-csv-1536x765.png 1536w, https:\/\/rushpdf.com\/wp-content\/uploads\/2024\/10\/convert-pdf-to-excel-or-csv-2048x1020.png 2048w\" sizes=\"auto, (max-width: 3408px) 100vw, 3408px\" \/>                <\/div>\r\n                    <\/div>\r\n        <div class=\"w-full lg:w-6\/12\">\r\n             \r\n\r\n\r\n\r\n\r\n                            <div class=\"prose\">\r\n                    <h3>Paso 3: Convertir al instante<\/h3>\n<p>Pulsa \"Convertir\" y observa c\u00f3mo nuestra herramienta procesa r\u00e1pidamente tu archivo, capturando con precisi\u00f3n todos los datos y manteniendo el formato.<\/p>\n<h3>Paso 4: Descargar el archivo convertido<\/h3>\n<p>Una vez finalizada la conversi\u00f3n, descargue el archivo Excel o CSV reci\u00e9n generado. Estar\u00e1 listo para editarlo, analizarlo o compartirlo inmediatamente.<\/p>\n                <\/div>\r\n            \r\n                    <\/div>\r\n    <\/div>\r\n\r\n\t\t<\/div>\r\n    <\/div>\r\n<\/section>\r\n\n\n\r\n\r\n<section class=\"py-12 lg:py-20  relative block   acf-features\">\r\n\t<div class=\"inside_acf-features\">\r\n\r\n\t\t<div class=\"max-w-screen-xl mx-auto z-10 relative  px-[24px] container\">\r\n    \r\n        \r\n\r\n \r\n\r\n\r\n<h2 class=\"h3 lg:h2 text-center lg:text-center mb-[1em]  font-bold\">\r\n    Preciso, c\u00f3modo, sin esfuerzo<\/h2>\r\n\r\n\r\n    <div id=\"block_6a59f7841c9714243aea548902e1b73e\">\r\n        \r\n            \r\n                            \r\n\t\t\t\t<div class=\"tab_group active\" data-index=\"0\">\r\n                \r\n                                    <div class=\"flex lg:grid gap-5 mb-12 mt-6 tab-content  lg:grid-cols-3\">\r\n                         \r\n\r\n                            \r\n                                \r\n                                    <div class=\"card  rounded-md\">\r\n                                                                                    <img decoding=\"async\" src=\"https:\/\/rushpdf.com\/wp-content\/uploads\/2024\/08\/sqr-convert.svg\" class=\"w-16 h-16 mb-3\" alt=\"Icono de conversi\u00f3n de precisi\u00f3n\" \/>\r\n                                                                                <div class=\"flex gap-3 items-center\">\r\n                                                                                        <h4 class=\"h3 font-bold\">Conversi\u00f3n de precisi\u00f3n<\/h4>\r\n                                        <\/div>\r\n                                        <p>Nuestra herramienta detecta con precisi\u00f3n tablas y datos dentro de su PDF, convirti\u00e9ndolos en un formato editable sin perder ning\u00fan detalle.<\/p>\r\n                                    <\/div>\r\n                                \r\n                            \r\n                         \r\n\r\n                            \r\n                                \r\n                                    <div class=\"card  rounded-md\">\r\n                                                                                    <img decoding=\"async\" src=\"https:\/\/rushpdf.com\/wp-content\/uploads\/2024\/08\/merge-extract.svg\" class=\"w-16 h-16 mb-3\" alt=\"Icono de no instalaci\u00f3n de software\" \/>\r\n                                                                                <div class=\"flex gap-3 items-center\">\r\n                                                                                        <h4 class=\"h3 font-bold\">Sin instalaci\u00f3n de software<\/h4>\r\n                                        <\/div>\r\n                                        <p>Convierte tus archivos directamente desde el navegador, sin necesidad de descargar ni instalar nada.<\/p>\r\n                                    <\/div>\r\n                                \r\n                            \r\n                         \r\n\r\n                            \r\n                                \r\n                                    <div class=\"card  rounded-md\">\r\n                                                                                    <img decoding=\"async\" src=\"https:\/\/rushpdf.com\/wp-content\/uploads\/2024\/08\/team.svg\" class=\"w-16 h-16 mb-3\" alt=\"Icono de interfaz f\u00e1cil de usar\" \/>\r\n                                                                                <div class=\"flex gap-3 items-center\">\r\n                                                                                        <h4 class=\"h3 font-bold\">Interfaz f\u00e1cil de usar<\/h4>\r\n                                        <\/div>\r\n                                        <p>Sencillo e intuitivo, nuestro conversor est\u00e1 pensado para todo el mundo, independientemente de sus conocimientos t\u00e9cnicos.<\/p>\r\n                                    <\/div>\r\n                                \r\n                            \r\n                                            <\/div>\r\n                \t\t\t\t<\/div>\r\n            \r\n        \r\n        \r\n    <\/div>\r\n\r\n\t\t<\/div>\r\n    <\/div>\r\n<\/section>","protected":false},"excerpt":{"rendered":"","protected":false},"author":10,"featured_media":0,"parent":0,"menu_order":0,"comment_status":"closed","ping_status":"closed","template":"page_templates\/page_builder.php","meta":{"_acf_changed":true,"footnotes":""},"class_list":["post-252","page","type-page","status-publish","hentry"],"acf":[],"yoast_head":"<!-- This site is optimized with the Yoast SEO plugin v23.5 - https:\/\/yoast.com\/wordpress\/plugins\/seo\/ -->\n<title>PDF to Excel or CSV<\/title>\n<meta name=\"description\" content=\"Convert PDF to Excel or CSV. Extract table data from PDF. Online, no installation or registration required. It&#039;s free, quick and easy to use.\" \/>\n<meta name=\"robots\" content=\"index, follow, max-snippet:-1, max-image-preview:large, max-video-preview:-1\" \/>\n<link rel=\"canonical\" href=\"https:\/\/rushpdf.com\/es\/pdf-a-excel\/\" \/>\n<meta property=\"og:locale\" content=\"es_ES\" \/>\n<meta property=\"og:type\" content=\"article\" \/>\n<meta property=\"og:title\" content=\"PDF to Excel or CSV\" \/>\n<meta property=\"og:description\" content=\"Convert PDF to Excel or CSV. Extract table data from PDF. Online, no installation or registration required. It&#039;s free, quick and easy to use.\" \/>\n<meta property=\"og:url\" content=\"https:\/\/rushpdf.com\/es\/pdf-a-excel\/\" \/>\n<meta property=\"og:site_name\" content=\"RushPDF\" \/>\n<meta property=\"article:modified_time\" content=\"2025-05-08T11:07:41+00:00\" \/>\n<meta name=\"twitter:card\" content=\"summary_large_image\" \/>\n<script type=\"application\/ld+json\" class=\"yoast-schema-graph\">{\"@context\":\"https:\/\/schema.org\",\"@graph\":[{\"@type\":\"WebPage\",\"@id\":\"https:\/\/rushpdf.com\/pdf-to-excel\/\",\"url\":\"https:\/\/rushpdf.com\/pdf-to-excel\/\",\"name\":\"PDF to Excel or CSV\",\"isPartOf\":{\"@id\":\"https:\/\/rushpdf.com\/#website\"},\"datePublished\":\"2024-09-11T15:45:14+00:00\",\"dateModified\":\"2025-05-08T11:07:41+00:00\",\"description\":\"Convert PDF to Excel or CSV. Extract table data from PDF. Online, no installation or registration required. It's free, quick and easy to use.\",\"breadcrumb\":{\"@id\":\"https:\/\/rushpdf.com\/pdf-to-excel\/#breadcrumb\"},\"inLanguage\":\"es\",\"potentialAction\":[{\"@type\":\"ReadAction\",\"target\":[\"https:\/\/rushpdf.com\/pdf-to-excel\/\"]}]},{\"@type\":\"BreadcrumbList\",\"@id\":\"https:\/\/rushpdf.com\/pdf-to-excel\/#breadcrumb\",\"itemListElement\":[{\"@type\":\"ListItem\",\"position\":1,\"name\":\"Home\",\"item\":\"https:\/\/rushpdf.com\/\"},{\"@type\":\"ListItem\",\"position\":2,\"name\":\"PPT to Excel\"}]},{\"@type\":\"WebSite\",\"@id\":\"https:\/\/rushpdf.com\/#website\",\"url\":\"https:\/\/rushpdf.com\/\",\"name\":\"RushPDF\",\"description\":\"Your SUPER-powered PDF Tools\",\"publisher\":{\"@id\":\"https:\/\/rushpdf.com\/#organization\"},\"potentialAction\":[{\"@type\":\"SearchAction\",\"target\":{\"@type\":\"EntryPoint\",\"urlTemplate\":\"https:\/\/rushpdf.com\/?s={search_term_string}\"},\"query-input\":{\"@type\":\"PropertyValueSpecification\",\"valueRequired\":true,\"valueName\":\"search_term_string\"}}],\"inLanguage\":\"es\"},{\"@type\":\"Organization\",\"@id\":\"https:\/\/rushpdf.com\/#organization\",\"name\":\"RushPDF\",\"url\":\"https:\/\/rushpdf.com\/\",\"logo\":{\"@type\":\"ImageObject\",\"inLanguage\":\"es\",\"@id\":\"https:\/\/rushpdf.com\/#\/schema\/logo\/image\/\",\"url\":\"https:\/\/rushpdf.com\/wp-content\/uploads\/2024\/07\/rushpdf_icon180.png\",\"contentUrl\":\"https:\/\/rushpdf.com\/wp-content\/uploads\/2024\/07\/rushpdf_icon180.png\",\"width\":180,\"height\":180,\"caption\":\"RushPDF\"},\"image\":{\"@id\":\"https:\/\/rushpdf.com\/#\/schema\/logo\/image\/\"}}]}<\/script>\n<!-- \/ Yoast SEO plugin. -->","yoast_head_json":{"title":"PDF to Excel or CSV","description":"Convert PDF to Excel or CSV. Extract table data from PDF. Online, no installation or registration required. It's free, quick and easy to use.","robots":{"index":"index","follow":"follow","max-snippet":"max-snippet:-1","max-image-preview":"max-image-preview:large","max-video-preview":"max-video-preview:-1"},"canonical":"https:\/\/rushpdf.com\/es\/pdf-a-excel\/","og_locale":"es_ES","og_type":"article","og_title":"PDF to Excel or CSV","og_description":"Convert PDF to Excel or CSV. Extract table data from PDF. Online, no installation or registration required. It's free, quick and easy to use.","og_url":"https:\/\/rushpdf.com\/es\/pdf-a-excel\/","og_site_name":"RushPDF","article_modified_time":"2025-05-08T11:07:41+00:00","twitter_card":"summary_large_image","schema":{"@context":"https:\/\/schema.org","@graph":[{"@type":"WebPage","@id":"https:\/\/rushpdf.com\/pdf-to-excel\/","url":"https:\/\/rushpdf.com\/pdf-to-excel\/","name":"PDF to Excel or CSV","isPartOf":{"@id":"https:\/\/rushpdf.com\/#website"},"datePublished":"2024-09-11T15:45:14+00:00","dateModified":"2025-05-08T11:07:41+00:00","description":"Convert PDF to Excel or CSV. Extract table data from PDF. Online, no installation or registration required. It's free, quick and easy to use.","breadcrumb":{"@id":"https:\/\/rushpdf.com\/pdf-to-excel\/#breadcrumb"},"inLanguage":"es","potentialAction":[{"@type":"ReadAction","target":["https:\/\/rushpdf.com\/pdf-to-excel\/"]}]},{"@type":"BreadcrumbList","@id":"https:\/\/rushpdf.com\/pdf-to-excel\/#breadcrumb","itemListElement":[{"@type":"ListItem","position":1,"name":"Home","item":"https:\/\/rushpdf.com\/"},{"@type":"ListItem","position":2,"name":"PPT to Excel"}]},{"@type":"WebSite","@id":"https:\/\/rushpdf.com\/#website","url":"https:\/\/rushpdf.com\/","name":"RushPDF","description":"Your SUPER-powered PDF Tools","publisher":{"@id":"https:\/\/rushpdf.com\/#organization"},"potentialAction":[{"@type":"SearchAction","target":{"@type":"EntryPoint","urlTemplate":"https:\/\/rushpdf.com\/?s={search_term_string}"},"query-input":{"@type":"PropertyValueSpecification","valueRequired":true,"valueName":"search_term_string"}}],"inLanguage":"es"},{"@type":"Organization","@id":"https:\/\/rushpdf.com\/#organization","name":"RushPDF","url":"https:\/\/rushpdf.com\/","logo":{"@type":"ImageObject","inLanguage":"es","@id":"https:\/\/rushpdf.com\/#\/schema\/logo\/image\/","url":"https:\/\/rushpdf.com\/wp-content\/uploads\/2024\/07\/rushpdf_icon180.png","contentUrl":"https:\/\/rushpdf.com\/wp-content\/uploads\/2024\/07\/rushpdf_icon180.png","width":180,"height":180,"caption":"RushPDF"},"image":{"@id":"https:\/\/rushpdf.com\/#\/schema\/logo\/image\/"}}]}},"_links":{"self":[{"href":"https:\/\/rushpdf.com\/es\/wp-json\/wp\/v2\/pages\/252","targetHints":{"allow":["GET"]}}],"collection":[{"href":"https:\/\/rushpdf.com\/es\/wp-json\/wp\/v2\/pages"}],"about":[{"href":"https:\/\/rushpdf.com\/es\/wp-json\/wp\/v2\/types\/page"}],"author":[{"embeddable":true,"href":"https:\/\/rushpdf.com\/es\/wp-json\/wp\/v2\/users\/10"}],"replies":[{"embeddable":true,"href":"https:\/\/rushpdf.com\/es\/wp-json\/wp\/v2\/comments?post=252"}],"version-history":[{"count":0,"href":"https:\/\/rushpdf.com\/es\/wp-json\/wp\/v2\/pages\/252\/revisions"}],"wp:attachment":[{"href":"https:\/\/rushpdf.com\/es\/wp-json\/wp\/v2\/media?parent=252"}],"curies":[{"name":"wp","href":"https:\/\/api.w.org\/{rel}","templated":true}]}}