{"id":299,"date":"2024-09-26T21:13:19","date_gmt":"2024-09-26T21:13:19","guid":{"rendered":"https:\/\/rushpdf.com\/?page_id=299"},"modified":"2025-05-08T11:13:19","modified_gmt":"2025-05-08T11:13:19","slug":"pdf-to-png","status":"publish","type":"page","link":"https:\/\/rushpdf.com\/de\/pdf-zu-png\/","title":{"rendered":"PDF in PNG konvertieren"},"content":{"rendered":"<section class=\"py-6 lg:py-12  relative block   acf-upload\">\r\n\t<div class=\"inside_acf-upload\">\r\n\r\n\t\t<div class=\"max-w-screen-xl mx-auto z-10 relative  px-[24px] container\">\r\n    \r\n        \r\n\r\n    \t<div class=\"flex flex-col items-center justify-between lg:py-18  layout_stacked\">\r\n        <div class=\"w-full  upload_side left\">\r\n             \r\n\r\n\r\n<h1 class=\"h2 lg:h1 text-center lg:text-center mb-[0.3em]  font-bold\">\r\n    PDF in PNG konvertieren<\/h1>\r\n\r\n    <p class=\"mb-[2em] h4 lg:h3 text-center lg:text-center  font-bold subtitle\">\r\n        Konvertieren Sie Ihre PDFs sofort und m\u00fchelos in PNG    <\/p>\r\n        <\/div>\r\n        <div class=\"w-full mt-0  upload_side right\">\r\n            <div class=\"bg-white rounded-md shadow-brandSmall w-full lg:w-fit lg:mx-auto p-6 lg:p-8 drop_zone\" id=\"drop_zone_block_743536bcb3017836c2d8051165bfa7c1\" data-url=\"https:\/\/rushpdf.com\/app\/dashboard\/documents\/new\" data-url-after=\"&#038;convert=png\">\r\n    <div class=\"error-message bg-[#FDF6F6] items-center border-[#DB4E4E] border rounded-md p-4 gap-3 mb-6\">\r\n        <img decoding=\"async\" src=\"https:\/\/rushpdf.com\/wp-content\/themes\/rushpdf\/images\/info.svg\" class=\"w-6 h-6 shrink-0\" \/>\r\n        <p class=\"grow text-[#DB4E4E] text-base\">Hochladen fehlgeschlagen: Stellen Sie sicher, dass Ihre Datei ein g\u00fcltiges Format hat und weniger als 90 MB gro\u00df ist.<\/p>\r\n    <\/div>\r\n\t\t<div class=\"dropper rounded-md flex flex-col justify-center text-center p-6 lg:p-8 relative\" style=\"\">\r\n\t\t\t\t\t<svg class=\"upload-icon w-24 mx-auto mb-8 lg:mb-6\" data-name=\"Layer 1\" xmlns=\"http:\/\/www.w3.org\/2000\/svg\" viewbox=\"0 0 81 75\" alt=\"Upload files\">\r\n\t\t\t\t<path d=\"M80.16,20.83H.5v-3.33C.5,8.31,7.98.83,17.17.83h8.43c1.54,0,3.09.36,4.47,1.05l10.52,5.26c.46.23.98.35,1.49.35h21.76c8.05,0,14.78,5.74,16.33,13.34ZM80.5,27.5v30c0,9.19-7.48,16.67-16.67,16.67H17.17c-9.19,0-16.67-7.48-16.67-16.67v-30h80ZM52.86,42.43l-5.38-5.38c-3.85-3.85-10.11-3.85-13.96,0l-5.38,5.38c-3.07,3.1,1.62,7.78,4.71,4.71l4.31-4.31v21.33c.02,4.36,6.65,4.36,6.67,0v-21.33l4.31,4.31c3.1,3.07,7.78-1.62,4.71-4.71Z\"\/>\r\n\t\t\t<\/svg>\r\n\t\t\r\n        <h3 class=\"h3 text-brandDarkGray font-bold mb-3 lg:mb-8 lg:block\">Dokument zum Hochladen hierher ziehen und ablegen<\/h3>\r\n        <p class=\"h6 text-brandGray upload_instructions\">\r\n\r\n            \r\n                Nur\r\n                                    PDF (&lt; 90 MB) erlaubt\r\n\r\n                    <\/p>\r\n        <form action=\"https:\/\/rushpdf.com\/wp-admin\/admin-post.php\" method=\"post\" enctype=\"multipart\/form-data\" class=\"upload-form relative z-20 w-full mx-auto\">\r\n\t\t\t<label class=\"btn-primary block w-full lg:w-fit mx-auto cursor-pointer upload_button\" style=\"\">\r\n                                    <input type=\"file\" name=\"file\" class=\"hidden fileUpload\" id=\"fileUpload_block_743536bcb3017836c2d8051165bfa7c1\" accept=\"application\/pdf\" data-size-limit=\"90\" >\r\n                                Vom Ger\u00e4t hochladen            <\/label>\r\n            <input type=\"hidden\" name=\"action\" value=\"s3_upload_file\">\r\n            <input type=\"hidden\" name=\"upload_form_nonce\" value=\"1ea2bb3b5a\">\r\n\r\n            <p class=\"my-3 text-center text-brandGray\" id=\"form-output_block_743536bcb3017836c2d8051165bfa7c1\"><\/p>\r\n\r\n        <\/form>\r\n        <div class=\"w-full h-full absolute top-0 left-0 z-10 dropHandlerElement\" data-dropzone=\"drop_zone_block_743536bcb3017836c2d8051165bfa7c1\">\r\n        <\/div>\r\n        <div class=\"loader z-30 flex-col gap-4 items-center justify-center w-full h-full absolute top-0 left-0 bg-white text-2xl font-bold rounded-lg\">\r\n            <img decoding=\"async\" src=\"https:\/\/rushpdf.com\/wp-content\/themes\/rushpdf\/images\/loader.svg\" class=\"w-24 h-24\" \/>\r\n            <span id=\"loadingText\">Laden...<\/span>\r\n        <\/div>\r\n    <\/div>\r\n<\/div>\r\n        <\/div>\r\n    <\/div>\r\n\r\n\t\t<\/div>\r\n    <\/div>\r\n<\/section>\r\n\n\n\r\n\r\n<section class=\"py-10 lg:py-16  relative block   acf-content\">\r\n\t<div class=\"inside_acf-content\">\r\n\r\n\t\t<div class=\"max-w-screen-xl mx-auto z-10 relative  px-[24px] container\">\r\n    \r\n        \r\n\r\n     \r\n\r\n\r\n<h2 class=\"h3 lg:h2 text-center lg:text-center mb-[1em]  font-bold\">\r\n    PDF in PNG online kostenlos konvertieren<\/h2>\r\n\r\n    <p class=\"mb-[1.5em] h5 lg:h3 text-center lg:text-center text-brandMediumGray font-bold subtitle\">\r\n         Unser PDF-zu-PNG-Konverter ist so konzipiert, dass jedes Detail Ihrer Datei erhalten bleibt. Egal, ob Sie ein schnelles PNG f\u00fcr die einfache Weitergabe, mit Transparenz f\u00fcr das Webdesign oder f\u00fcr den professionellen Druck ben\u00f6tigen, unser Tool liefert Bilder in h\u00f6chster Qualit\u00e4t.    <\/p>\r\n\r\n    \r\n    \r\n\t\t<\/div>\r\n    <\/div>\r\n<\/section>\r\n\n\n\r\n\r\n<section class=\"relative block   acf-content-with-image\">\r\n\t<div class=\"inside_acf-content-with-image\">\r\n\r\n\t\t<div class=\"max-w-screen-xl mx-auto z-10 relative  px-[24px] container\">\r\n    \r\n        \r\n\r\n    <div class=\"flex flex-col items-center pt-10 pb-12 lg:flex-row\">\r\n        <div class=\"w-full lg:w-6\/12 mb-6 lg:pr-12\">\r\n                            <div class=\"w-full h-auto bg-brandSnowGray rounded-md\">\r\n                    <img loading=\"lazy\" decoding=\"async\" width=\"3330\" height=\"1394\" src=\"https:\/\/rushpdf.com\/wp-content\/uploads\/2024\/10\/Add-file-to-convert-from-pdf-to-png.png\" class=\"attachment-full size-full\" alt=\"Pop-up-Fenster mit dem Titel &quot;F\u00fcgen Sie Ihre Datei hinzu&quot;, in dem die Nutzer pdf-Dokumente hochladen k\u00f6nnen, um sie in png umzuwandeln\" srcset=\"https:\/\/rushpdf.com\/wp-content\/uploads\/2024\/10\/Add-file-to-convert-from-pdf-to-png.png 3330w, https:\/\/rushpdf.com\/wp-content\/uploads\/2024\/10\/Add-file-to-convert-from-pdf-to-png-300x126.png 300w, https:\/\/rushpdf.com\/wp-content\/uploads\/2024\/10\/Add-file-to-convert-from-pdf-to-png-1024x429.png 1024w, https:\/\/rushpdf.com\/wp-content\/uploads\/2024\/10\/Add-file-to-convert-from-pdf-to-png-768x321.png 768w, https:\/\/rushpdf.com\/wp-content\/uploads\/2024\/10\/Add-file-to-convert-from-pdf-to-png-1536x643.png 1536w, https:\/\/rushpdf.com\/wp-content\/uploads\/2024\/10\/Add-file-to-convert-from-pdf-to-png-2048x857.png 2048w\" sizes=\"auto, (max-width: 3330px) 100vw, 3330px\" \/>                <\/div>\r\n                    <\/div>\r\n        <div class=\"w-full lg:w-6\/12\">\r\n             \r\n\r\n\r\n\r\n\r\n                            <div class=\"prose\">\r\n                    <h3>Schritt 1: Beginnen Sie mit dem Hochladen Ihrer PDF-Datei<\/h3>\n<p>Klicken Sie auf die Schaltfl\u00e4che \"Hochladen\", um eine PDF-Datei von Ihrem Ger\u00e4t auszuw\u00e4hlen, oder ziehen Sie sie per Drag &amp; Drop direkt in den Konverter.<\/p>\n<h3>Schritt 2: W\u00e4hlen Sie PNG als Ausgabe<\/h3>\n<p>W\u00e4hlen Sie PNG als bevorzugtes Format f\u00fcr die Konvertierung, um qualitativ hochwertige Bilddateien von jeder Seite zu erhalten.<\/p>\n                <\/div>\r\n            \r\n                    <\/div>\r\n    <\/div>\r\n\r\n\t\t<\/div>\r\n    <\/div>\r\n<\/section>\r\n\n\n\r\n\r\n<section class=\"relative block   acf-content-with-image\">\r\n\t<div class=\"inside_acf-content-with-image\">\r\n\r\n\t\t<div class=\"max-w-screen-xl mx-auto z-10 relative  px-[24px] container\">\r\n    \r\n        \r\n\r\n    <div class=\"flex flex-col items-center pt-10 pb-12 lg:flex-row-reverse\">\r\n        <div class=\"w-full lg:w-6\/12 mb-6 lg:pl-12\">\r\n                            <div class=\"w-full h-auto bg-brandSnowGray rounded-md\">\r\n                    <img loading=\"lazy\" decoding=\"async\" width=\"2000\" height=\"996\" src=\"https:\/\/rushpdf.com\/wp-content\/uploads\/2024\/10\/convert-pdf-to-png.png\" class=\"attachment-full size-full\" alt=\"Pop-up-Fenster mit dem Titel &quot;Ihr Dokument ist fast fertig&quot;, in dem der Benutzer das Format ausw\u00e4hlen kann, in das er das Dokument konvertieren m\u00f6chte\" srcset=\"https:\/\/rushpdf.com\/wp-content\/uploads\/2024\/10\/convert-pdf-to-png.png 2000w, https:\/\/rushpdf.com\/wp-content\/uploads\/2024\/10\/convert-pdf-to-png-300x149.png 300w, https:\/\/rushpdf.com\/wp-content\/uploads\/2024\/10\/convert-pdf-to-png-1024x510.png 1024w, https:\/\/rushpdf.com\/wp-content\/uploads\/2024\/10\/convert-pdf-to-png-768x382.png 768w, https:\/\/rushpdf.com\/wp-content\/uploads\/2024\/10\/convert-pdf-to-png-1536x765.png 1536w\" sizes=\"auto, (max-width: 2000px) 100vw, 2000px\" \/>                <\/div>\r\n                    <\/div>\r\n        <div class=\"w-full lg:w-6\/12\">\r\n             \r\n\r\n\r\n\r\n\r\n                            <div class=\"prose\">\r\n                    <h3>Schritt 3: Schnell und einfach konvertieren<\/h3>\n<p>Unser Tool wandelt Ihre PDF-Dateien schnell, pr\u00e4zise und effizient in PNG-Bilder um.<\/p>\n<h3>Schritt 4: Speichern und Herunterladen der PNG-Dateien<\/h3>\n<p>Nach der Konvertierung laden Sie die einzelnen PNG-Dateien herunter. Jede Seite ist dann ein eigenst\u00e4ndiges Bild, das Sie nach Bedarf verwenden k\u00f6nnen.<\/p>\n                <\/div>\r\n            \r\n                    <\/div>\r\n    <\/div>\r\n\r\n\t\t<\/div>\r\n    <\/div>\r\n<\/section>\r\n\n\n\r\n\r\n<section class=\"py-12 lg:py-20  relative block   acf-features\">\r\n\t<div class=\"inside_acf-features\">\r\n\r\n\t\t<div class=\"max-w-screen-xl mx-auto z-10 relative  px-[24px] container\">\r\n    \r\n        \r\n\r\n \r\n\r\n\r\n<h2 class=\"h3 lg:h2 text-left lg:text-center mb-[1em]  font-bold\">\r\n    Pr\u00e4zise, flexibel, benutzerfreundlich<\/h2>\r\n\r\n\r\n    <div id=\"block_b897819c94211db71b710ebe9aa975a2\">\r\n        \r\n            \r\n                            \r\n\t\t\t\t<div class=\"tab_group active\" data-index=\"0\">\r\n                \r\n                                    <div class=\"flex lg:grid gap-5 mb-12 mt-6 tab-content  lg:grid-cols-3\">\r\n                         \r\n\r\n                            \r\n                                \r\n                                    <div class=\"card  rounded-md\">\r\n                                                                                    <img decoding=\"async\" src=\"https:\/\/rushpdf.com\/wp-content\/uploads\/2024\/08\/sqr-convert.svg\" class=\"w-16 h-16 mb-3\" alt=\"Ikone f\u00fcr Pr\u00e4zision und Qualit\u00e4t\" \/>\r\n                                                                                <div class=\"flex gap-3 items-center\">\r\n                                                                                        <h4 class=\"h3 font-bold\">Pr\u00e4zision und Qualit\u00e4t<\/h4>\r\n                                        <\/div>\r\n                                        <p>Unser PDF-zu-PNG-Konverter stellt sicher, dass jedes Detail Ihrer PDF-Datei - Text, Grafiken und Layouts - einwandfrei in das hochwertige PNG-Format umgewandelt wird und die Integrit\u00e4t Ihrer Inhalte erhalten bleibt.<\/p>\r\n                                    <\/div>\r\n                                \r\n                            \r\n                         \r\n\r\n                            \r\n                                \r\n                                    <div class=\"card  rounded-md\">\r\n                                                                                    <img decoding=\"async\" src=\"https:\/\/rushpdf.com\/wp-content\/uploads\/2024\/08\/merge-extract.svg\" class=\"w-16 h-16 mb-3\" alt=\"Symbol f\u00fcr Convert Anywhere\" \/>\r\n                                                                                <div class=\"flex gap-3 items-center\">\r\n                                                                                        <h4 class=\"h3 font-bold\">\u00dcberall konvertieren<\/h4>\r\n                                        <\/div>\r\n                                        <p>Konvertieren Sie Ihre PDFs ganz einfach von jedem Ger\u00e4t oder Betriebssystem aus in PNGs. Alles, was Sie brauchen, ist eine Internetverbindung - keine Downloads oder Installationen erforderlich.<\/p>\r\n                                    <\/div>\r\n                                \r\n                            \r\n                         \r\n\r\n                            \r\n                                \r\n                                    <div class=\"card  rounded-md\">\r\n                                                                                    <img decoding=\"async\" src=\"https:\/\/rushpdf.com\/wp-content\/uploads\/2024\/08\/team.svg\" class=\"w-16 h-16 mb-3\" alt=\"Symbol f\u00fcr einfach und leicht zu bedienen\" \/>\r\n                                                                                <div class=\"flex gap-3 items-center\">\r\n                                                                                        <h4 class=\"h3 font-bold\">Einfach und leicht zu bedienen<\/h4>\r\n                                        <\/div>\r\n                                        <p>Mit einer intuitiven Benutzeroberfl\u00e4che ist die Konvertierung von PDF in PNG nur ein paar Klicks entfernt. Schnell, m\u00fchelos und f\u00fcr eine nahtlose Benutzererfahrung konzipiert. Perfekt f\u00fcr schnelle Aufgaben ohne unn\u00f6tige Schritte.<\/p>\r\n                                    <\/div>\r\n                                \r\n                            \r\n                                            <\/div>\r\n                \t\t\t\t<\/div>\r\n            \r\n        \r\n        \r\n    <\/div>\r\n\r\n\t\t<\/div>\r\n    <\/div>\r\n<\/section>","protected":false},"excerpt":{"rendered":"","protected":false},"author":10,"featured_media":0,"parent":0,"menu_order":0,"comment_status":"closed","ping_status":"closed","template":"page_templates\/page_builder.php","meta":{"_acf_changed":true,"footnotes":""},"class_list":["post-299","page","type-page","status-publish","hentry"],"acf":[],"yoast_head":"<!-- This site is optimized with the Yoast SEO plugin v23.5 - https:\/\/yoast.com\/wordpress\/plugins\/seo\/ -->\n<title>Convert PDF to Images Online. PDF to JPG. PDF to PNG. PDF to TIFF<\/title>\n<meta name=\"description\" content=\"Free, no watermarks or registration. Batch convert multiple files. Easy way to convert PDF doc to images - JPG, PNG, or TIFF.\" \/>\n<meta name=\"robots\" content=\"index, follow, max-snippet:-1, max-image-preview:large, max-video-preview:-1\" \/>\n<link rel=\"canonical\" href=\"https:\/\/rushpdf.com\/de\/pdf-zu-png\/\" \/>\n<meta property=\"og:locale\" content=\"de_DE\" \/>\n<meta property=\"og:type\" content=\"article\" \/>\n<meta property=\"og:title\" content=\"Convert PDF to Images Online. PDF to JPG. PDF to PNG. PDF to TIFF\" \/>\n<meta property=\"og:description\" content=\"Free, no watermarks or registration. Batch convert multiple files. Easy way to convert PDF doc to images - JPG, PNG, or TIFF.\" \/>\n<meta property=\"og:url\" content=\"https:\/\/rushpdf.com\/de\/pdf-zu-png\/\" \/>\n<meta property=\"og:site_name\" content=\"RushPDF\" \/>\n<meta property=\"article:modified_time\" content=\"2025-05-08T11:13:19+00:00\" \/>\n<meta name=\"twitter:card\" content=\"summary_large_image\" \/>\n<script type=\"application\/ld+json\" class=\"yoast-schema-graph\">{\"@context\":\"https:\/\/schema.org\",\"@graph\":[{\"@type\":\"WebPage\",\"@id\":\"https:\/\/rushpdf.com\/pdf-to-png\/\",\"url\":\"https:\/\/rushpdf.com\/pdf-to-png\/\",\"name\":\"Convert PDF to Images Online. PDF to JPG. PDF to PNG. PDF to TIFF\",\"isPartOf\":{\"@id\":\"https:\/\/rushpdf.com\/#website\"},\"datePublished\":\"2024-09-26T21:13:19+00:00\",\"dateModified\":\"2025-05-08T11:13:19+00:00\",\"description\":\"Free, no watermarks or registration. Batch convert multiple files. Easy way to convert PDF doc to images - JPG, PNG, or TIFF.\",\"breadcrumb\":{\"@id\":\"https:\/\/rushpdf.com\/pdf-to-png\/#breadcrumb\"},\"inLanguage\":\"de\",\"potentialAction\":[{\"@type\":\"ReadAction\",\"target\":[\"https:\/\/rushpdf.com\/pdf-to-png\/\"]}]},{\"@type\":\"BreadcrumbList\",\"@id\":\"https:\/\/rushpdf.com\/pdf-to-png\/#breadcrumb\",\"itemListElement\":[{\"@type\":\"ListItem\",\"position\":1,\"name\":\"Home\",\"item\":\"https:\/\/rushpdf.com\/\"},{\"@type\":\"ListItem\",\"position\":2,\"name\":\"PDF to Image\"}]},{\"@type\":\"WebSite\",\"@id\":\"https:\/\/rushpdf.com\/#website\",\"url\":\"https:\/\/rushpdf.com\/\",\"name\":\"RushPDF\",\"description\":\"Your SUPER-powered PDF Tools\",\"publisher\":{\"@id\":\"https:\/\/rushpdf.com\/#organization\"},\"potentialAction\":[{\"@type\":\"SearchAction\",\"target\":{\"@type\":\"EntryPoint\",\"urlTemplate\":\"https:\/\/rushpdf.com\/?s={search_term_string}\"},\"query-input\":{\"@type\":\"PropertyValueSpecification\",\"valueRequired\":true,\"valueName\":\"search_term_string\"}}],\"inLanguage\":\"de\"},{\"@type\":\"Organization\",\"@id\":\"https:\/\/rushpdf.com\/#organization\",\"name\":\"RushPDF\",\"url\":\"https:\/\/rushpdf.com\/\",\"logo\":{\"@type\":\"ImageObject\",\"inLanguage\":\"de\",\"@id\":\"https:\/\/rushpdf.com\/#\/schema\/logo\/image\/\",\"url\":\"https:\/\/rushpdf.com\/wp-content\/uploads\/2024\/07\/rushpdf_icon180.png\",\"contentUrl\":\"https:\/\/rushpdf.com\/wp-content\/uploads\/2024\/07\/rushpdf_icon180.png\",\"width\":180,\"height\":180,\"caption\":\"RushPDF\"},\"image\":{\"@id\":\"https:\/\/rushpdf.com\/#\/schema\/logo\/image\/\"}}]}<\/script>\n<!-- \/ Yoast SEO plugin. -->","yoast_head_json":{"title":"Convert PDF to Images Online. PDF to JPG. PDF to PNG. PDF to TIFF","description":"Free, no watermarks or registration. Batch convert multiple files. Easy way to convert PDF doc to images - JPG, PNG, or TIFF.","robots":{"index":"index","follow":"follow","max-snippet":"max-snippet:-1","max-image-preview":"max-image-preview:large","max-video-preview":"max-video-preview:-1"},"canonical":"https:\/\/rushpdf.com\/de\/pdf-zu-png\/","og_locale":"de_DE","og_type":"article","og_title":"Convert PDF to Images Online. PDF to JPG. PDF to PNG. PDF to TIFF","og_description":"Free, no watermarks or registration. Batch convert multiple files. Easy way to convert PDF doc to images - JPG, PNG, or TIFF.","og_url":"https:\/\/rushpdf.com\/de\/pdf-zu-png\/","og_site_name":"RushPDF","article_modified_time":"2025-05-08T11:13:19+00:00","twitter_card":"summary_large_image","schema":{"@context":"https:\/\/schema.org","@graph":[{"@type":"WebPage","@id":"https:\/\/rushpdf.com\/pdf-to-png\/","url":"https:\/\/rushpdf.com\/pdf-to-png\/","name":"Convert PDF to Images Online. PDF to JPG. PDF to PNG. PDF to TIFF","isPartOf":{"@id":"https:\/\/rushpdf.com\/#website"},"datePublished":"2024-09-26T21:13:19+00:00","dateModified":"2025-05-08T11:13:19+00:00","description":"Free, no watermarks or registration. Batch convert multiple files. Easy way to convert PDF doc to images - JPG, PNG, or TIFF.","breadcrumb":{"@id":"https:\/\/rushpdf.com\/pdf-to-png\/#breadcrumb"},"inLanguage":"de","potentialAction":[{"@type":"ReadAction","target":["https:\/\/rushpdf.com\/pdf-to-png\/"]}]},{"@type":"BreadcrumbList","@id":"https:\/\/rushpdf.com\/pdf-to-png\/#breadcrumb","itemListElement":[{"@type":"ListItem","position":1,"name":"Home","item":"https:\/\/rushpdf.com\/"},{"@type":"ListItem","position":2,"name":"PDF to Image"}]},{"@type":"WebSite","@id":"https:\/\/rushpdf.com\/#website","url":"https:\/\/rushpdf.com\/","name":"RushPDF","description":"Your SUPER-powered PDF Tools","publisher":{"@id":"https:\/\/rushpdf.com\/#organization"},"potentialAction":[{"@type":"SearchAction","target":{"@type":"EntryPoint","urlTemplate":"https:\/\/rushpdf.com\/?s={search_term_string}"},"query-input":{"@type":"PropertyValueSpecification","valueRequired":true,"valueName":"search_term_string"}}],"inLanguage":"de"},{"@type":"Organization","@id":"https:\/\/rushpdf.com\/#organization","name":"RushPDF","url":"https:\/\/rushpdf.com\/","logo":{"@type":"ImageObject","inLanguage":"de","@id":"https:\/\/rushpdf.com\/#\/schema\/logo\/image\/","url":"https:\/\/rushpdf.com\/wp-content\/uploads\/2024\/07\/rushpdf_icon180.png","contentUrl":"https:\/\/rushpdf.com\/wp-content\/uploads\/2024\/07\/rushpdf_icon180.png","width":180,"height":180,"caption":"RushPDF"},"image":{"@id":"https:\/\/rushpdf.com\/#\/schema\/logo\/image\/"}}]}},"_links":{"self":[{"href":"https:\/\/rushpdf.com\/de\/wp-json\/wp\/v2\/pages\/299","targetHints":{"allow":["GET"]}}],"collection":[{"href":"https:\/\/rushpdf.com\/de\/wp-json\/wp\/v2\/pages"}],"about":[{"href":"https:\/\/rushpdf.com\/de\/wp-json\/wp\/v2\/types\/page"}],"author":[{"embeddable":true,"href":"https:\/\/rushpdf.com\/de\/wp-json\/wp\/v2\/users\/10"}],"replies":[{"embeddable":true,"href":"https:\/\/rushpdf.com\/de\/wp-json\/wp\/v2\/comments?post=299"}],"version-history":[{"count":0,"href":"https:\/\/rushpdf.com\/de\/wp-json\/wp\/v2\/pages\/299\/revisions"}],"wp:attachment":[{"href":"https:\/\/rushpdf.com\/de\/wp-json\/wp\/v2\/media?parent=299"}],"curies":[{"name":"wp","href":"https:\/\/api.w.org\/{rel}","templated":true}]}}