{"id":236,"date":"2024-09-11T16:11:48","date_gmt":"2024-09-11T16:11:48","guid":{"rendered":"https:\/\/rushpdf.com\/?page_id=236"},"modified":"2025-05-08T11:11:24","modified_gmt":"2025-05-08T11:11:24","slug":"pdf-to-powerpoint","status":"publish","type":"page","link":"https:\/\/rushpdf.com\/de\/pdf-zu-powerpoint\/","title":{"rendered":"PDF zu PowerPoint"},"content":{"rendered":"<section class=\"py-6 lg:py-12  relative block   acf-upload\">\r\n\t<div class=\"inside_acf-upload\">\r\n\r\n\t\t<div class=\"max-w-screen-xl mx-auto z-10 relative  px-[24px] container\">\r\n    \r\n        \r\n\r\n    \t<div class=\"flex flex-col items-center justify-between lg:py-18  layout_stacked\">\r\n        <div class=\"w-full  upload_side left\">\r\n             \r\n\r\n\r\n<h1 class=\"h2 lg:h1 text-center lg:text-center mb-[0.3em]  font-bold\">\r\n    PDF in PowerPoint konvertieren<\/h1>\r\n\r\n    <p class=\"mb-[2em] h4 lg:h3 text-center lg:text-center text-brandDarkGray font-bold subtitle\">\r\n        PDF-Dokumente einfach in PowerPoint-Pr\u00e4sentationen umwandeln    <\/p>\r\n        <\/div>\r\n        <div class=\"w-full mt-0  upload_side right\">\r\n            <div class=\"bg-white rounded-md shadow-brandSmall w-full lg:w-fit lg:mx-auto p-6 lg:p-8 drop_zone\" id=\"drop_zone_block_0c19ca96e7e3b160a7a9841bcab13c23\" data-url=\"https:\/\/rushpdf.com\/app\/dashboard\/documents\/new\" data-url-after=\"&#038;convert=pptx\">\r\n    <div class=\"error-message bg-[#FDF6F6] items-center border-[#DB4E4E] border rounded-md p-4 gap-3 mb-6\">\r\n        <img decoding=\"async\" src=\"https:\/\/rushpdf.com\/wp-content\/themes\/rushpdf\/images\/info.svg\" class=\"w-6 h-6 shrink-0\" \/>\r\n        <p class=\"grow text-[#DB4E4E] text-base\">Hochladen fehlgeschlagen: Stellen Sie sicher, dass Ihre Datei ein g\u00fcltiges Format hat und weniger als 100 MB gro\u00df ist.<\/p>\r\n    <\/div>\r\n\t\t<div class=\"dropper rounded-md flex flex-col justify-center text-center p-6 lg:p-8 relative\" style=\"\">\r\n\t\t\t\t\t<svg class=\"upload-icon w-24 mx-auto mb-8 lg:mb-6\" data-name=\"Layer 1\" xmlns=\"http:\/\/www.w3.org\/2000\/svg\" viewbox=\"0 0 81 75\" alt=\"Upload files\">\r\n\t\t\t\t<path d=\"M80.16,20.83H.5v-3.33C.5,8.31,7.98.83,17.17.83h8.43c1.54,0,3.09.36,4.47,1.05l10.52,5.26c.46.23.98.35,1.49.35h21.76c8.05,0,14.78,5.74,16.33,13.34ZM80.5,27.5v30c0,9.19-7.48,16.67-16.67,16.67H17.17c-9.19,0-16.67-7.48-16.67-16.67v-30h80ZM52.86,42.43l-5.38-5.38c-3.85-3.85-10.11-3.85-13.96,0l-5.38,5.38c-3.07,3.1,1.62,7.78,4.71,4.71l4.31-4.31v21.33c.02,4.36,6.65,4.36,6.67,0v-21.33l4.31,4.31c3.1,3.07,7.78-1.62,4.71-4.71Z\"\/>\r\n\t\t\t<\/svg>\r\n\t\t\r\n        <h3 class=\"h3 text-brandDarkGray font-bold mb-3 lg:mb-8 lg:block\">Dokument zum Hochladen hierher ziehen und ablegen<\/h3>\r\n        <p class=\"h6 text-brandGray upload_instructions\">\r\n\r\n            \r\n                Nur\r\n                                    PDF, JPG, PNG, Word, Excel (ausgenommen CSV) &amp; PowerPoint (&lt; 100 MB) erlaubt\r\n\r\n                    <\/p>\r\n        <form action=\"https:\/\/rushpdf.com\/wp-admin\/admin-post.php\" method=\"post\" enctype=\"multipart\/form-data\" class=\"upload-form relative z-20 w-full mx-auto\">\r\n\t\t\t<label class=\"btn-primary block w-full lg:w-fit mx-auto cursor-pointer upload_button\" style=\"\">\r\n                                    <input type=\"file\" name=\"file\" class=\"hidden fileUpload\" id=\"fileUpload_block_0c19ca96e7e3b160a7a9841bcab13c23\" accept=\"application\/pdf,image\/jpeg,image\/png,application\/doc,application\/ms-doc,application\/msword,application\/vnd.openxmlformats-officedocument.wordprocessingml.document,application\/excel,application\/vnd.ms-excel,application\/x-excel,application\/x-msexcel,application\/vnd.openxmlformats-officedocument.spreadsheetml.sheet,application\/mspowerpoint,application\/powerpoint,application\/vnd.ms-powerpoint,application\/x-mspowerpoint,application\/vnd.openxmlformats-officedocument.presentationml.presentation\" data-size-limit=\"100\" >\r\n                                Vom Ger\u00e4t hochladen            <\/label>\r\n            <input type=\"hidden\" name=\"action\" value=\"s3_upload_file\">\r\n            <input type=\"hidden\" name=\"upload_form_nonce\" value=\"7ce32c177b\">\r\n\r\n            <p class=\"my-3 text-center text-brandGray\" id=\"form-output_block_0c19ca96e7e3b160a7a9841bcab13c23\"><\/p>\r\n\r\n        <\/form>\r\n        <div class=\"w-full h-full absolute top-0 left-0 z-10 dropHandlerElement\" data-dropzone=\"drop_zone_block_0c19ca96e7e3b160a7a9841bcab13c23\">\r\n        <\/div>\r\n        <div class=\"loader z-30 flex-col gap-4 items-center justify-center w-full h-full absolute top-0 left-0 bg-white text-2xl font-bold rounded-lg\">\r\n            <img decoding=\"async\" src=\"https:\/\/rushpdf.com\/wp-content\/themes\/rushpdf\/images\/loader.svg\" class=\"w-24 h-24\" \/>\r\n            <span id=\"loadingText\">Laden...<\/span>\r\n        <\/div>\r\n    <\/div>\r\n<\/div>\r\n        <\/div>\r\n    <\/div>\r\n\r\n\t\t<\/div>\r\n    <\/div>\r\n<\/section>\r\n\n\n\r\n\r\n<section class=\"py-10 lg:py-16  relative block   acf-content\">\r\n\t<div class=\"inside_acf-content\">\r\n\r\n\t\t<div class=\"max-w-screen-xl mx-auto z-10 relative  px-[24px] container\">\r\n    \r\n        \r\n\r\n     \r\n\r\n\r\n<h2 class=\"h3 lg:h2 text-center lg:text-center mb-[1em]  font-bold\">\r\n    Wie konvertiert man PDF-Dateien online in PPT? <\/h2>\r\n\r\n    <p class=\"mb-[1.5em] h5 lg:h3 text-center lg:text-center text-brandMediumGray font-bold subtitle\">\r\n        Sie m\u00f6chten PDF in PowerPoint (PPT) konvertieren? Mit unserem einfach zu bedienenden Online-Tool k\u00f6nnen Sie Ihre PDF-Dateien schnell in vollst\u00e4ndig bearbeitbare PowerPoint-Pr\u00e4sentationen umwandeln, wobei das urspr\u00fcngliche Layout, die Formatierung und die Bilder erhalten bleiben.    <\/p>\r\n\r\n    \r\n    \r\n\t\t<\/div>\r\n    <\/div>\r\n<\/section>\r\n\n\n\r\n\r\n<section class=\"relative block   acf-content-with-image\">\r\n\t<div class=\"inside_acf-content-with-image\">\r\n\r\n\t\t<div class=\"max-w-screen-xl mx-auto z-10 relative  px-[24px] container\">\r\n    \r\n        \r\n\r\n    <div class=\"flex flex-col items-center pt-10 pb-12 lg:flex-row\">\r\n        <div class=\"w-full lg:w-6\/12 mb-6 lg:pr-12\">\r\n                            <div class=\"w-full h-auto bg-brandSnowGray rounded-md\">\r\n                    <img loading=\"lazy\" decoding=\"async\" width=\"3330\" height=\"1394\" src=\"https:\/\/rushpdf.com\/wp-content\/uploads\/2024\/10\/Add-file-to-convert-from-pdf-to-ppt.png\" class=\"attachment-full size-full\" alt=\"Pop-up-Fenster mit dem Titel &quot;F\u00fcgen Sie Ihre Datei hinzu&quot;, in dem die Nutzer pdf-Dokumente hochladen k\u00f6nnen, um sie in ppt zu konvertieren\" srcset=\"https:\/\/rushpdf.com\/wp-content\/uploads\/2024\/10\/Add-file-to-convert-from-pdf-to-ppt.png 3330w, https:\/\/rushpdf.com\/wp-content\/uploads\/2024\/10\/Add-file-to-convert-from-pdf-to-ppt-300x126.png 300w, https:\/\/rushpdf.com\/wp-content\/uploads\/2024\/10\/Add-file-to-convert-from-pdf-to-ppt-1024x429.png 1024w, https:\/\/rushpdf.com\/wp-content\/uploads\/2024\/10\/Add-file-to-convert-from-pdf-to-ppt-768x321.png 768w, https:\/\/rushpdf.com\/wp-content\/uploads\/2024\/10\/Add-file-to-convert-from-pdf-to-ppt-1536x643.png 1536w, https:\/\/rushpdf.com\/wp-content\/uploads\/2024\/10\/Add-file-to-convert-from-pdf-to-ppt-2048x857.png 2048w\" sizes=\"auto, (max-width: 3330px) 100vw, 3330px\" \/>                <\/div>\r\n                    <\/div>\r\n        <div class=\"w-full lg:w-6\/12\">\r\n             \r\n\r\n\r\n\r\n\r\n                            <div class=\"prose\">\r\n                    <h3>Schritt 1: Hochladen Ihrer PDF-Datei<\/h3>\n<ul>\n<li><strong>Datei ausw\u00e4hlen<\/strong>: Klicken Sie auf die Schaltfl\u00e4che \"Hochladen\" oder ziehen Sie Ihr PDF per Drag &amp; Drop in unseren Konverter.<\/li>\n<li><strong>Unterst\u00fctzte Plattformen<\/strong>: Konvertieren Sie PDFs nahtlos von Ihrem Computer, Tablet oder Smartphone.<\/li>\n<\/ul>\n<h3>Schritt 2: Konvertieren Sie Ihr PDF in PPT<\/h3>\n<ul>\n<li><strong>Ausgabeformat w\u00e4hlen<\/strong>: Gehen Sie auf die Registerkarte \"Konvertieren\" und w\u00e4hlen Sie PowerPoint (PPT) als gew\u00fcnschtes Format.<\/li>\n<li><strong>Best\u00e4tigen Sie die Einstellungen<\/strong>: Passen Sie die Einstellungen nach Bedarf an, um einen optimalen Konvertierungsprozess zu gew\u00e4hrleisten.<\/li>\n<\/ul>\n                <\/div>\r\n            \r\n                    <\/div>\r\n    <\/div>\r\n\r\n\t\t<\/div>\r\n    <\/div>\r\n<\/section>\r\n\n\n\r\n\r\n<section class=\"relative block   acf-content-with-image\">\r\n\t<div class=\"inside_acf-content-with-image\">\r\n\r\n\t\t<div class=\"max-w-screen-xl mx-auto z-10 relative  px-[24px] container\">\r\n    \r\n        \r\n\r\n    <div class=\"flex flex-col items-center pt-10 pb-12 lg:flex-row-reverse\">\r\n        <div class=\"w-full lg:w-6\/12 mb-6 lg:pl-12\">\r\n                            <div class=\"w-full h-auto bg-brandSnowGray rounded-md\">\r\n                    <img loading=\"lazy\" decoding=\"async\" width=\"3406\" height=\"1698\" src=\"https:\/\/rushpdf.com\/wp-content\/uploads\/2024\/10\/convert-from-pdf-to-ppt.png\" class=\"attachment-full size-full\" alt=\"Pop-up-Fenster mit dem Titel &quot;Ihr Dokument ist fast fertig&quot;, in dem der Benutzer das Format ausw\u00e4hlen kann, in das er das Dokument konvertieren m\u00f6chte\" srcset=\"https:\/\/rushpdf.com\/wp-content\/uploads\/2024\/10\/convert-from-pdf-to-ppt.png 3406w, https:\/\/rushpdf.com\/wp-content\/uploads\/2024\/10\/convert-from-pdf-to-ppt-300x150.png 300w, https:\/\/rushpdf.com\/wp-content\/uploads\/2024\/10\/convert-from-pdf-to-ppt-1024x510.png 1024w, https:\/\/rushpdf.com\/wp-content\/uploads\/2024\/10\/convert-from-pdf-to-ppt-768x383.png 768w, https:\/\/rushpdf.com\/wp-content\/uploads\/2024\/10\/convert-from-pdf-to-ppt-1536x766.png 1536w, https:\/\/rushpdf.com\/wp-content\/uploads\/2024\/10\/convert-from-pdf-to-ppt-2048x1021.png 2048w\" sizes=\"auto, (max-width: 3406px) 100vw, 3406px\" \/>                <\/div>\r\n                    <\/div>\r\n        <div class=\"w-full lg:w-6\/12\">\r\n             \r\n\r\n\r\n\r\n\r\n                            <div class=\"prose\">\r\n                    <h3>Schritt 3: Herunterladen und Bearbeiten Ihrer PowerPoint-Pr\u00e4sentation<\/h3>\n<ul>\n<li><strong>Konvertierung starten<\/strong>: Klicken Sie auf \"Konvertieren\", um Ihre PDF-Datei in eine PowerPoint-Pr\u00e4sentation zu verwandeln.<\/li>\n<li><strong>PPT herunterladen<\/strong>: Sobald die Konvertierung abgeschlossen ist, laden Sie Ihre neue PPT-Datei auf Ihr Ger\u00e4t herunter.<\/li>\n<\/ul>\n                <\/div>\r\n            \r\n                    <\/div>\r\n    <\/div>\r\n\r\n\t\t<\/div>\r\n    <\/div>\r\n<\/section>\r\n\n\n\r\n\r\n<section class=\"py-10 lg:py-16  relative block   acf-features\">\r\n\t<div class=\"inside_acf-features\">\r\n\r\n\t\t<div class=\"max-w-screen-xl mx-auto z-10 relative  px-[24px] container\">\r\n    \r\n        \r\n\r\n \r\n\r\n\r\n<h2 class=\"h3 lg:h2 text-left lg:text-center mb-[1em]  font-bold\">\r\n    Schnell, einfach, sicher<\/h2>\r\n\r\n\r\n    <div id=\"block_b028bb83e537c7af5c78775fce26886b\">\r\n        \r\n            \r\n                            \r\n\t\t\t\t<div class=\"tab_group active\" data-index=\"0\">\r\n                \r\n                                    <div class=\"flex lg:grid gap-5 mb-12 mt-6 tab-content  lg:grid-cols-3\">\r\n                         \r\n\r\n                            \r\n                                \r\n                                    <div class=\"card  rounded-md\">\r\n                                                                                    <img decoding=\"async\" src=\"https:\/\/rushpdf.com\/wp-content\/uploads\/2024\/08\/ico-highlite.svg\" class=\"w-16 h-16 mb-3\" alt=\"Symbol f\u00fcr die m\u00fchelose Konvertierung von PDF in PPT\" \/>\r\n                                                                                <div class=\"flex gap-3 items-center\">\r\n                                                                                        <h4 class=\"h3 font-bold\">M\u00fchelose Konvertierung von PDF in PPT<\/h4>\r\n                                        <\/div>\r\n                                        <p>Unsere Plattform bietet eine reibungslose, intuitive Erfahrung bei der Konvertierung von PDFs in PowerPoint. Egal, ob Sie zum ersten Mal konvertieren oder ein erfahrener Profi sind, die Benutzeroberfl\u00e4che ist f\u00fcr eine schnelle und problemlose Navigation konzipiert.<\/p>\r\n                                    <\/div>\r\n                                \r\n                            \r\n                         \r\n\r\n                            \r\n                                \r\n                                    <div class=\"card  rounded-md\">\r\n                                                                                    <img decoding=\"async\" src=\"https:\/\/rushpdf.com\/wp-content\/uploads\/2024\/08\/team.svg\" class=\"w-16 h-16 mb-3\" alt=\"Symbol f\u00fcr PDFs in PPTs konvertieren - jederzeit und \u00fcberall\" \/>\r\n                                                                                <div class=\"flex gap-3 items-center\">\r\n                                                                                        <h4 class=\"h3 font-bold\">PDFs in PPTs konvertieren - jederzeit und \u00fcberall<\/h4>\r\n                                        <\/div>\r\n                                        <p>Konvertieren Sie PDFs in PPTs ganz einfach von \u00fcberall und jederzeit mit Ihrem mobilen Ger\u00e4t. Unser Tool ist f\u00fcr den Einsatz unterwegs optimiert und gew\u00e4hrleistet Flexibilit\u00e4t ohne Kompromisse bei der Funktionalit\u00e4t.\r\n\r\n<\/p>\r\n                                    <\/div>\r\n                                \r\n                            \r\n                         \r\n\r\n                            \r\n                                \r\n                                    <div class=\"card  rounded-md\">\r\n                                                                                    <img decoding=\"async\" src=\"https:\/\/rushpdf.com\/wp-content\/uploads\/2024\/08\/document.svg\" class=\"w-16 h-16 mb-3\" alt=\"Icon f\u00fcr h\u00f6chste Sicherheit f\u00fcr Ihre Dokumente\" \/>\r\n                                                                                <div class=\"flex gap-3 items-center\">\r\n                                                                                        <h4 class=\"h3 font-bold\">H\u00f6chste Sicherheit f\u00fcr Ihre Dokumente<\/h4>\r\n                                        <\/div>\r\n                                        <p>Ihre Dokumente sind w\u00e4hrend des gesamten Konvertierungsvorgangs durch robuste Sicherheitsma\u00dfnahmen vollst\u00e4ndig gesch\u00fctzt. Wir sorgen daf\u00fcr, dass Ihre sensiblen Dateien privat und sicher bleiben, so dass Sie sich keine Sorgen machen m\u00fcssen.<\/p>\r\n                                    <\/div>\r\n                                \r\n                            \r\n                                            <\/div>\r\n                \t\t\t\t<\/div>\r\n            \r\n        \r\n        \r\n    <\/div>\r\n\r\n\t\t<\/div>\r\n    <\/div>\r\n<\/section>","protected":false},"excerpt":{"rendered":"","protected":false},"author":4,"featured_media":0,"parent":0,"menu_order":0,"comment_status":"closed","ping_status":"closed","template":"page_templates\/page_builder.php","meta":{"_acf_changed":true,"footnotes":""},"class_list":["post-236","page","type-page","status-publish","hentry"],"acf":[],"yoast_head":"<!-- This site is optimized with the Yoast SEO plugin v23.5 - https:\/\/yoast.com\/wordpress\/plugins\/seo\/ -->\n<title>Convert PDF to Powerpoint. PDF to PPT slides online<\/title>\n<meta name=\"description\" content=\"Turn your PDF presentations to editable Powerpoint PPT and PPTX slideshows. Work with the most accurate PDF to Powerpoint converter\" \/>\n<meta name=\"robots\" content=\"index, follow, max-snippet:-1, max-image-preview:large, max-video-preview:-1\" \/>\n<link rel=\"canonical\" href=\"https:\/\/rushpdf.com\/de\/pdf-zu-powerpoint\/\" \/>\n<meta property=\"og:locale\" content=\"de_DE\" \/>\n<meta property=\"og:type\" content=\"article\" \/>\n<meta property=\"og:title\" content=\"Convert PDF to Powerpoint. PDF to PPT slides online\" \/>\n<meta property=\"og:description\" content=\"Turn your PDF presentations to editable Powerpoint PPT and PPTX slideshows. Work with the most accurate PDF to Powerpoint converter\" \/>\n<meta property=\"og:url\" content=\"https:\/\/rushpdf.com\/de\/pdf-zu-powerpoint\/\" \/>\n<meta property=\"og:site_name\" content=\"RushPDF\" \/>\n<meta property=\"article:modified_time\" content=\"2025-05-08T11:11:24+00:00\" \/>\n<meta name=\"twitter:card\" content=\"summary_large_image\" \/>\n<script type=\"application\/ld+json\" class=\"yoast-schema-graph\">{\"@context\":\"https:\/\/schema.org\",\"@graph\":[{\"@type\":\"WebPage\",\"@id\":\"https:\/\/rushpdf.com\/pdf-to-powerpoint\/\",\"url\":\"https:\/\/rushpdf.com\/pdf-to-powerpoint\/\",\"name\":\"Convert PDF to Powerpoint. PDF to PPT slides online\",\"isPartOf\":{\"@id\":\"https:\/\/rushpdf.com\/#website\"},\"datePublished\":\"2024-09-11T16:11:48+00:00\",\"dateModified\":\"2025-05-08T11:11:24+00:00\",\"description\":\"Turn your PDF presentations to editable Powerpoint PPT and PPTX slideshows. Work with the most accurate PDF to Powerpoint converter\",\"breadcrumb\":{\"@id\":\"https:\/\/rushpdf.com\/pdf-to-powerpoint\/#breadcrumb\"},\"inLanguage\":\"de\",\"potentialAction\":[{\"@type\":\"ReadAction\",\"target\":[\"https:\/\/rushpdf.com\/pdf-to-powerpoint\/\"]}]},{\"@type\":\"BreadcrumbList\",\"@id\":\"https:\/\/rushpdf.com\/pdf-to-powerpoint\/#breadcrumb\",\"itemListElement\":[{\"@type\":\"ListItem\",\"position\":1,\"name\":\"Home\",\"item\":\"https:\/\/rushpdf.com\/\"},{\"@type\":\"ListItem\",\"position\":2,\"name\":\"PDF to PowerPoint\"}]},{\"@type\":\"WebSite\",\"@id\":\"https:\/\/rushpdf.com\/#website\",\"url\":\"https:\/\/rushpdf.com\/\",\"name\":\"RushPDF\",\"description\":\"Your SUPER-powered PDF Tools\",\"publisher\":{\"@id\":\"https:\/\/rushpdf.com\/#organization\"},\"potentialAction\":[{\"@type\":\"SearchAction\",\"target\":{\"@type\":\"EntryPoint\",\"urlTemplate\":\"https:\/\/rushpdf.com\/?s={search_term_string}\"},\"query-input\":{\"@type\":\"PropertyValueSpecification\",\"valueRequired\":true,\"valueName\":\"search_term_string\"}}],\"inLanguage\":\"de\"},{\"@type\":\"Organization\",\"@id\":\"https:\/\/rushpdf.com\/#organization\",\"name\":\"RushPDF\",\"url\":\"https:\/\/rushpdf.com\/\",\"logo\":{\"@type\":\"ImageObject\",\"inLanguage\":\"de\",\"@id\":\"https:\/\/rushpdf.com\/#\/schema\/logo\/image\/\",\"url\":\"https:\/\/rushpdf.com\/wp-content\/uploads\/2024\/07\/rushpdf_icon180.png\",\"contentUrl\":\"https:\/\/rushpdf.com\/wp-content\/uploads\/2024\/07\/rushpdf_icon180.png\",\"width\":180,\"height\":180,\"caption\":\"RushPDF\"},\"image\":{\"@id\":\"https:\/\/rushpdf.com\/#\/schema\/logo\/image\/\"}}]}<\/script>\n<!-- \/ Yoast SEO plugin. -->","yoast_head_json":{"title":"Convert PDF to Powerpoint. PDF to PPT slides online","description":"Turn your PDF presentations to editable Powerpoint PPT and PPTX slideshows. Work with the most accurate PDF to Powerpoint converter","robots":{"index":"index","follow":"follow","max-snippet":"max-snippet:-1","max-image-preview":"max-image-preview:large","max-video-preview":"max-video-preview:-1"},"canonical":"https:\/\/rushpdf.com\/de\/pdf-zu-powerpoint\/","og_locale":"de_DE","og_type":"article","og_title":"Convert PDF to Powerpoint. PDF to PPT slides online","og_description":"Turn your PDF presentations to editable Powerpoint PPT and PPTX slideshows. Work with the most accurate PDF to Powerpoint converter","og_url":"https:\/\/rushpdf.com\/de\/pdf-zu-powerpoint\/","og_site_name":"RushPDF","article_modified_time":"2025-05-08T11:11:24+00:00","twitter_card":"summary_large_image","schema":{"@context":"https:\/\/schema.org","@graph":[{"@type":"WebPage","@id":"https:\/\/rushpdf.com\/pdf-to-powerpoint\/","url":"https:\/\/rushpdf.com\/pdf-to-powerpoint\/","name":"Convert PDF to Powerpoint. PDF to PPT slides online","isPartOf":{"@id":"https:\/\/rushpdf.com\/#website"},"datePublished":"2024-09-11T16:11:48+00:00","dateModified":"2025-05-08T11:11:24+00:00","description":"Turn your PDF presentations to editable Powerpoint PPT and PPTX slideshows. Work with the most accurate PDF to Powerpoint converter","breadcrumb":{"@id":"https:\/\/rushpdf.com\/pdf-to-powerpoint\/#breadcrumb"},"inLanguage":"de","potentialAction":[{"@type":"ReadAction","target":["https:\/\/rushpdf.com\/pdf-to-powerpoint\/"]}]},{"@type":"BreadcrumbList","@id":"https:\/\/rushpdf.com\/pdf-to-powerpoint\/#breadcrumb","itemListElement":[{"@type":"ListItem","position":1,"name":"Home","item":"https:\/\/rushpdf.com\/"},{"@type":"ListItem","position":2,"name":"PDF to PowerPoint"}]},{"@type":"WebSite","@id":"https:\/\/rushpdf.com\/#website","url":"https:\/\/rushpdf.com\/","name":"RushPDF","description":"Your SUPER-powered PDF Tools","publisher":{"@id":"https:\/\/rushpdf.com\/#organization"},"potentialAction":[{"@type":"SearchAction","target":{"@type":"EntryPoint","urlTemplate":"https:\/\/rushpdf.com\/?s={search_term_string}"},"query-input":{"@type":"PropertyValueSpecification","valueRequired":true,"valueName":"search_term_string"}}],"inLanguage":"de"},{"@type":"Organization","@id":"https:\/\/rushpdf.com\/#organization","name":"RushPDF","url":"https:\/\/rushpdf.com\/","logo":{"@type":"ImageObject","inLanguage":"de","@id":"https:\/\/rushpdf.com\/#\/schema\/logo\/image\/","url":"https:\/\/rushpdf.com\/wp-content\/uploads\/2024\/07\/rushpdf_icon180.png","contentUrl":"https:\/\/rushpdf.com\/wp-content\/uploads\/2024\/07\/rushpdf_icon180.png","width":180,"height":180,"caption":"RushPDF"},"image":{"@id":"https:\/\/rushpdf.com\/#\/schema\/logo\/image\/"}}]}},"_links":{"self":[{"href":"https:\/\/rushpdf.com\/de\/wp-json\/wp\/v2\/pages\/236","targetHints":{"allow":["GET"]}}],"collection":[{"href":"https:\/\/rushpdf.com\/de\/wp-json\/wp\/v2\/pages"}],"about":[{"href":"https:\/\/rushpdf.com\/de\/wp-json\/wp\/v2\/types\/page"}],"author":[{"embeddable":true,"href":"https:\/\/rushpdf.com\/de\/wp-json\/wp\/v2\/users\/4"}],"replies":[{"embeddable":true,"href":"https:\/\/rushpdf.com\/de\/wp-json\/wp\/v2\/comments?post=236"}],"version-history":[{"count":0,"href":"https:\/\/rushpdf.com\/de\/wp-json\/wp\/v2\/pages\/236\/revisions"}],"wp:attachment":[{"href":"https:\/\/rushpdf.com\/de\/wp-json\/wp\/v2\/media?parent=236"}],"curies":[{"name":"wp","href":"https:\/\/api.w.org\/{rel}","templated":true}]}}