{"id":235,"date":"2024-09-11T11:58:11","date_gmt":"2024-09-11T11:58:11","guid":{"rendered":"https:\/\/rushpdf.com\/?page_id=235"},"modified":"2025-05-08T07:08:14","modified_gmt":"2025-05-08T07:08:14","slug":"split-pdf","status":"publish","type":"page","link":"https:\/\/rushpdf.com\/de\/split-pdf\/","title":{"rendered":"PDF aufteilen"},"content":{"rendered":"<section class=\"py-6 lg:py-12  relative block   acf-upload\">\r\n\t<div class=\"inside_acf-upload\">\r\n\r\n\t\t<div class=\"max-w-screen-xl mx-auto z-10 relative  px-[24px] container\">\r\n    \r\n        \r\n\r\n    \t<div class=\"flex flex-col items-center justify-between lg:py-18  layout_stacked\">\r\n        <div class=\"w-full  upload_side left\">\r\n             \r\n\r\n\r\n<h1 class=\"h2 lg:h1 text-center lg:text-center mb-[0.3em]  font-bold\">\r\n    PDFs online teilen<\/h1>\r\n\r\n    <p class=\"mb-[2em] h4 lg:h3 text-center lg:text-center text-brandDarkGray font-bold subtitle\">\r\n        Trennen Sie Ihre PDF-Datei m\u00fchelos in mehrere Dateien auf    <\/p>\r\n        <\/div>\r\n        <div class=\"w-full mt-0  upload_side right\">\r\n            <div class=\"bg-white rounded-md shadow-brandSmall w-full lg:w-fit lg:mx-auto p-6 lg:p-8 drop_zone\" id=\"drop_zone_block_cd50540a43b9b313cc8366864d29d062\" data-url=\"https:\/\/rushpdf.com\/app\/dashboard\/documents\/new\" data-url-after=\"&#038;split=true\">\r\n    <div class=\"error-message bg-[#FDF6F6] items-center border-[#DB4E4E] border rounded-md p-4 gap-3 mb-6\">\r\n        <img decoding=\"async\" src=\"https:\/\/rushpdf.com\/wp-content\/themes\/rushpdf\/images\/info.svg\" class=\"w-6 h-6 shrink-0\" \/>\r\n        <p class=\"grow text-[#DB4E4E] text-base\">Hochladen fehlgeschlagen: Stellen Sie sicher, dass Ihre Datei ein g\u00fcltiges Format hat und weniger als 100 MB gro\u00df ist.<\/p>\r\n    <\/div>\r\n\t\t<div class=\"dropper rounded-md flex flex-col justify-center text-center p-6 lg:p-8 relative\" style=\"\">\r\n\t\t\t\t\t<svg class=\"upload-icon w-24 mx-auto mb-8 lg:mb-6\" data-name=\"Layer 1\" xmlns=\"http:\/\/www.w3.org\/2000\/svg\" viewbox=\"0 0 81 75\" alt=\"Upload files\">\r\n\t\t\t\t<path d=\"M80.16,20.83H.5v-3.33C.5,8.31,7.98.83,17.17.83h8.43c1.54,0,3.09.36,4.47,1.05l10.52,5.26c.46.23.98.35,1.49.35h21.76c8.05,0,14.78,5.74,16.33,13.34ZM80.5,27.5v30c0,9.19-7.48,16.67-16.67,16.67H17.17c-9.19,0-16.67-7.48-16.67-16.67v-30h80ZM52.86,42.43l-5.38-5.38c-3.85-3.85-10.11-3.85-13.96,0l-5.38,5.38c-3.07,3.1,1.62,7.78,4.71,4.71l4.31-4.31v21.33c.02,4.36,6.65,4.36,6.67,0v-21.33l4.31,4.31c3.1,3.07,7.78-1.62,4.71-4.71Z\"\/>\r\n\t\t\t<\/svg>\r\n\t\t\r\n        <h3 class=\"h3 text-brandDarkGray font-bold mb-3 lg:mb-8 lg:block\">Dokument zum Hochladen hierher ziehen und ablegen<\/h3>\r\n        <p class=\"h6 text-brandGray upload_instructions\">\r\n\r\n            \r\n                Nur\r\n                                    PDF, JPG, PNG, Word, Excel (ausgenommen CSV) &amp; PowerPoint (&lt; 100 MB) erlaubt\r\n\r\n                    <\/p>\r\n        <form action=\"https:\/\/rushpdf.com\/wp-admin\/admin-post.php\" method=\"post\" enctype=\"multipart\/form-data\" class=\"upload-form relative z-20 w-full mx-auto\">\r\n\t\t\t<label class=\"btn-primary block w-full lg:w-fit mx-auto cursor-pointer upload_button\" style=\"\">\r\n                                    <input type=\"file\" name=\"file\" class=\"hidden fileUpload\" id=\"fileUpload_block_cd50540a43b9b313cc8366864d29d062\" accept=\"application\/pdf,image\/jpeg,image\/png,application\/doc,application\/ms-doc,application\/msword,application\/vnd.openxmlformats-officedocument.wordprocessingml.document,application\/excel,application\/vnd.ms-excel,application\/x-excel,application\/x-msexcel,application\/vnd.openxmlformats-officedocument.spreadsheetml.sheet,application\/mspowerpoint,application\/powerpoint,application\/vnd.ms-powerpoint,application\/x-mspowerpoint,application\/vnd.openxmlformats-officedocument.presentationml.presentation\" data-size-limit=\"100\" >\r\n                                Vom Ger\u00e4t hochladen            <\/label>\r\n            <input type=\"hidden\" name=\"action\" value=\"s3_upload_file\">\r\n            <input type=\"hidden\" name=\"upload_form_nonce\" value=\"41a2480583\">\r\n\r\n            <p class=\"my-3 text-center text-brandGray\" id=\"form-output_block_cd50540a43b9b313cc8366864d29d062\"><\/p>\r\n\r\n        <\/form>\r\n        <div class=\"w-full h-full absolute top-0 left-0 z-10 dropHandlerElement\" data-dropzone=\"drop_zone_block_cd50540a43b9b313cc8366864d29d062\">\r\n        <\/div>\r\n        <div class=\"loader z-30 flex-col gap-4 items-center justify-center w-full h-full absolute top-0 left-0 bg-white text-2xl font-bold rounded-lg\">\r\n            <img decoding=\"async\" src=\"https:\/\/rushpdf.com\/wp-content\/themes\/rushpdf\/images\/loader.svg\" class=\"w-24 h-24\" \/>\r\n            <span id=\"loadingText\">Laden...<\/span>\r\n        <\/div>\r\n    <\/div>\r\n<\/div>\r\n        <\/div>\r\n    <\/div>\r\n\r\n\t\t<\/div>\r\n    <\/div>\r\n<\/section>\r\n\n\n\r\n\r\n<section class=\"py-6 lg:py-12  relative block   acf-content\">\r\n\t<div class=\"inside_acf-content\">\r\n\r\n\t\t<div class=\"max-w-screen-xl mx-auto z-10 relative  px-[24px] container\">\r\n    \r\n        \r\n\r\n     \r\n\r\n\r\n<h2 class=\"h3 lg:h2 text-left lg:text-center mb-[1em]  font-bold\">\r\n    Wie man PDF-Dateien online teilt<\/h2>\r\n\r\n    <p class=\"mb-[1.5em] h5 lg:h3 text-left lg:text-center text-brandMediumGray font-bold subtitle\">\r\n        Mit unserem Tool k\u00f6nnen Sie Ihre PDF-Datei m\u00fchelos in mehrere Dateien aufteilen, wobei die urspr\u00fcngliche Qualit\u00e4t und Integrit\u00e4t Ihres Dokuments erhalten bleibt. Mit nur wenigen Klicks k\u00f6nnen Sie Ihre Dateien einfacher organisieren und weitergeben.    <\/p>\r\n\r\n    \r\n    \r\n\t\t<\/div>\r\n    <\/div>\r\n<\/section>\r\n\n\n\r\n\r\n<section class=\"relative block   acf-content-with-image\">\r\n\t<div class=\"inside_acf-content-with-image\">\r\n\r\n\t\t<div class=\"max-w-screen-xl mx-auto z-10 relative  px-[24px] container\">\r\n    \r\n        \r\n\r\n    <div class=\"flex flex-col items-center pt-10 pb-12 lg:flex-row\">\r\n        <div class=\"w-full lg:w-6\/12 mb-6 lg:pr-12\">\r\n                            <div class=\"w-full h-auto bg-brandSnowGray rounded-md\">\r\n                    <img loading=\"lazy\" decoding=\"async\" width=\"583\" height=\"430\" src=\"https:\/\/rushpdf.com\/wp-content\/uploads\/2024\/10\/upload-file-to-split-pdf.png\" class=\"attachment-full size-full\" alt=\"Illustration einer Schnittstelle zum Hochladen von Dateien mit einer Option zum Hochladen eines Dokuments von einem Ger\u00e4t. Ein PDF-Symbol und eine Unterschriftsgrafik werden an der Seite angezeigt und weisen auf die Funktion zum Hochladen von Dokumenten hin.\" srcset=\"https:\/\/rushpdf.com\/wp-content\/uploads\/2024\/10\/upload-file-to-split-pdf.png 583w, https:\/\/rushpdf.com\/wp-content\/uploads\/2024\/10\/upload-file-to-split-pdf-300x221.png 300w\" sizes=\"auto, (max-width: 583px) 100vw, 583px\" \/>                <\/div>\r\n                    <\/div>\r\n        <div class=\"w-full lg:w-6\/12\">\r\n             \r\n\r\n\r\n\r\n\r\n                            <div class=\"prose\">\r\n                    <h3>Schritt 1 - W\u00e4hlen Sie Ihr PDF<\/h3>\n<p><strong>W\u00e4hlen Sie Datei:<\/strong> Klicken Sie auf die Schaltfl\u00e4che, um eine PDF-Datei von Ihrem Computer hochzuladen, oder ziehen Sie Ihr Dokument per Drag &amp; Drop in den Upload-Bereich.<\/p>\n<h3>Schritt 2 - Teilen Sie Ihr PDF<\/h3>\n<p>Gehen Sie durch Ihr Dokument und w\u00e4hlen Sie manuell die Seiten aus, die Sie behalten m\u00f6chten. Sie k\u00f6nnen Bereiche angeben oder einzelne Seiten ausw\u00e4hlen und alle zus\u00e4tzlichen Seiten nach der Aufteilung l\u00f6schen.<\/p>\n                <\/div>\r\n            \r\n                    <\/div>\r\n    <\/div>\r\n\r\n\t\t<\/div>\r\n    <\/div>\r\n<\/section>\r\n\n\n\r\n\r\n<section class=\"relative block   acf-content-with-image\">\r\n\t<div class=\"inside_acf-content-with-image\">\r\n\r\n\t\t<div class=\"max-w-screen-xl mx-auto z-10 relative  px-[24px] container\">\r\n    \r\n        \r\n\r\n    <div class=\"flex flex-col items-center pt-10 pb-12 lg:flex-row-reverse\">\r\n        <div class=\"w-full lg:w-6\/12 mb-6 lg:pl-12\">\r\n                            <div class=\"w-full h-auto bg-brandSnowGray rounded-md\">\r\n                    <img loading=\"lazy\" decoding=\"async\" width=\"583\" height=\"378\" src=\"https:\/\/rushpdf.com\/wp-content\/uploads\/2024\/10\/create-your-split-PDF.png\" class=\"attachment-full size-full\" alt=\"Illustration einer PDF-Editor-Schnittstelle mit Optionen zur Bearbeitung eines Dokuments. Ein Dropdown-Men\u00fc zeigt Optionen wie &quot;Seiten verschieben&quot;, &quot;Seitenausrichtung&quot;, &quot;Seiten einf\u00fcgen&quot; und &quot;Seitenmanipulation&quot; an, die auf Werkzeuge zum Bearbeiten und Teilen von PDF-Dateien hinweisen.\" srcset=\"https:\/\/rushpdf.com\/wp-content\/uploads\/2024\/10\/create-your-split-PDF.png 583w, https:\/\/rushpdf.com\/wp-content\/uploads\/2024\/10\/create-your-split-PDF-300x195.png 300w\" sizes=\"auto, (max-width: 583px) 100vw, 583px\" \/>                <\/div>\r\n                    <\/div>\r\n        <div class=\"w-full lg:w-6\/12\">\r\n             \r\n\r\n\r\n\r\n\r\n                            <div class=\"prose\">\r\n                    <h3><strong>Schritt 3 - Speichern Sie Ihre geteilten PDFs<\/strong><\/h3>\n<p>Denken Sie nach der Verarbeitung daran, nicht ben\u00f6tigte Seiten manuell zu l\u00f6schen. Speichern Sie die verbleibenden Seiten als einzelne Dateien.<\/p>\n                <\/div>\r\n            \r\n                    <\/div>\r\n    <\/div>\r\n\r\n\t\t<\/div>\r\n    <\/div>\r\n<\/section>\r\n\n\n\r\n\r\n<section class=\"py-6 lg:py-12  relative block   acf-features\">\r\n\t<div class=\"inside_acf-features\">\r\n\r\n\t\t<div class=\"max-w-screen-xl mx-auto z-10 relative  px-[24px] container\">\r\n    \r\n        \r\n\r\n \r\n\r\n\r\n<h2 class=\"h3 lg:h2 text-left lg:text-center mb-[1em]  font-bold\">\r\n    Schnell, einfach, sicher<\/h2>\r\n\r\n\r\n    <div id=\"block_df7c6d62d6246675c7007e9a72f1f1c5\">\r\n        \r\n            \r\n                            \r\n\t\t\t\t<div class=\"tab_group active\" data-index=\"0\">\r\n                \r\n                                    <div class=\"flex lg:grid gap-5 mb-12 mt-6 tab-content  lg:grid-cols-3\">\r\n                         \r\n\r\n                            \r\n                                \r\n                                    <div class=\"card  rounded-md\">\r\n                                                                                    <img decoding=\"async\" src=\"https:\/\/rushpdf.com\/wp-content\/uploads\/2024\/08\/ico-highlite.svg\" class=\"w-16 h-16 mb-3\" alt=\"Symbol f\u00fcr schnellen und benutzerfreundlichen PDF-Splitter\" \/>\r\n                                                                                <div class=\"flex gap-3 items-center\">\r\n                                                                                        <h4 class=\"h3 font-bold\">Schneller und einfach zu bedienender PDF-Splitter<\/h4>\r\n                                        <\/div>\r\n                                        <p>Mit unserer intuitiven Benutzeroberfl\u00e4che k\u00f6nnen Sie Ihre PDFs m\u00fchelos aufteilen - egal, ob Sie ein Einsteiger oder ein erfahrener Experte sind, Sie werden den Prozess einfach und problemlos finden.<\/p>\r\n                                    <\/div>\r\n                                \r\n                            \r\n                         \r\n\r\n                            \r\n                                \r\n                                    <div class=\"card  rounded-md\">\r\n                                                                                    <img decoding=\"async\" src=\"https:\/\/rushpdf.com\/wp-content\/uploads\/2024\/08\/team.svg\" class=\"w-16 h-16 mb-3\" alt=\"Icon f\u00fcr geteilte PDFs - jederzeit und \u00fcberall\" \/>\r\n                                                                                <div class=\"flex gap-3 items-center\">\r\n                                                                                        <h4 class=\"h3 font-bold\">PDFs teilen - jederzeit und \u00fcberall<\/h4>\r\n                                        <\/div>\r\n                                        <p>Dank des mobilfreundlichen Zugriffs k\u00f6nnen Sie Ihre PDFs auch unterwegs verwalten und aufteilen. Unser Tool funktioniert nahtlos auf allen Ger\u00e4ten und bietet Ihnen Flexibilit\u00e4t, wo immer Sie sind.<\/p>\r\n                                    <\/div>\r\n                                \r\n                            \r\n                         \r\n\r\n                            \r\n                                \r\n                                    <div class=\"card  rounded-md\">\r\n                                                                                    <img decoding=\"async\" src=\"https:\/\/rushpdf.com\/wp-content\/uploads\/2024\/08\/document.svg\" class=\"w-16 h-16 mb-3\" alt=\"Symbol f\u00fcr erweiterte Sicherheit f\u00fcr Ihre Dateien\" \/>\r\n                                                                                <div class=\"flex gap-3 items-center\">\r\n                                                                                        <h4 class=\"h3 font-bold\">Erweiterte Sicherheit f\u00fcr Ihre Dateien<\/h4>\r\n                                        <\/div>\r\n                                        <p>Die Sicherheit Ihrer Dokumente hat f\u00fcr uns h\u00f6chste Priorit\u00e4t. Wir setzen Technologien ein, die sicherstellen, dass die Dateien w\u00e4hrend des gesamten PDF-Splitting-Prozesses privat bleiben, um unbefugten Zugriff zu verhindern.<\/p>\r\n                                    <\/div>\r\n                                \r\n                            \r\n                                            <\/div>\r\n                \t\t\t\t<\/div>\r\n            \r\n        \r\n        \r\n    <\/div>\r\n\r\n\t\t<\/div>\r\n    <\/div>\r\n<\/section>","protected":false},"excerpt":{"rendered":"","protected":false},"author":4,"featured_media":0,"parent":0,"menu_order":0,"comment_status":"closed","ping_status":"closed","template":"page_templates\/page_builder.php","meta":{"_acf_changed":true,"footnotes":""},"class_list":["post-235","page","type-page","status-publish","hentry"],"acf":[],"yoast_head":"<!-- This site is optimized with the Yoast SEO plugin v23.5 - https:\/\/yoast.com\/wordpress\/plugins\/seo\/ -->\n<title>Split PDF Online. Free and Easy to Use<\/title>\n<meta name=\"description\" content=\"Split PDF by pages. Split specific page ranges or extract every page into a separate document. No installation or registration required.\" \/>\n<meta name=\"robots\" content=\"index, follow, max-snippet:-1, max-image-preview:large, max-video-preview:-1\" \/>\n<link rel=\"canonical\" href=\"https:\/\/rushpdf.com\/de\/split-pdf\/\" \/>\n<meta property=\"og:locale\" content=\"de_DE\" \/>\n<meta property=\"og:type\" content=\"article\" \/>\n<meta property=\"og:title\" content=\"Split PDF Online. Free and Easy to Use\" \/>\n<meta property=\"og:description\" content=\"Split PDF by pages. Split specific page ranges or extract every page into a separate document. No installation or registration required.\" \/>\n<meta property=\"og:url\" content=\"https:\/\/rushpdf.com\/de\/split-pdf\/\" \/>\n<meta property=\"og:site_name\" content=\"RushPDF\" \/>\n<meta property=\"article:modified_time\" content=\"2025-05-08T07:08:14+00:00\" \/>\n<meta name=\"twitter:card\" content=\"summary_large_image\" \/>\n<script type=\"application\/ld+json\" class=\"yoast-schema-graph\">{\"@context\":\"https:\/\/schema.org\",\"@graph\":[{\"@type\":\"WebPage\",\"@id\":\"https:\/\/rushpdf.com\/split-pdf\/\",\"url\":\"https:\/\/rushpdf.com\/split-pdf\/\",\"name\":\"Split PDF Online. Free and Easy to Use\",\"isPartOf\":{\"@id\":\"https:\/\/rushpdf.com\/#website\"},\"datePublished\":\"2024-09-11T11:58:11+00:00\",\"dateModified\":\"2025-05-08T07:08:14+00:00\",\"description\":\"Split PDF by pages. Split specific page ranges or extract every page into a separate document. No installation or registration required.\",\"breadcrumb\":{\"@id\":\"https:\/\/rushpdf.com\/split-pdf\/#breadcrumb\"},\"inLanguage\":\"de\",\"potentialAction\":[{\"@type\":\"ReadAction\",\"target\":[\"https:\/\/rushpdf.com\/split-pdf\/\"]}]},{\"@type\":\"BreadcrumbList\",\"@id\":\"https:\/\/rushpdf.com\/split-pdf\/#breadcrumb\",\"itemListElement\":[{\"@type\":\"ListItem\",\"position\":1,\"name\":\"Home\",\"item\":\"https:\/\/rushpdf.com\/\"},{\"@type\":\"ListItem\",\"position\":2,\"name\":\"Split PDF\"}]},{\"@type\":\"WebSite\",\"@id\":\"https:\/\/rushpdf.com\/#website\",\"url\":\"https:\/\/rushpdf.com\/\",\"name\":\"RushPDF\",\"description\":\"Your SUPER-powered PDF Tools\",\"publisher\":{\"@id\":\"https:\/\/rushpdf.com\/#organization\"},\"potentialAction\":[{\"@type\":\"SearchAction\",\"target\":{\"@type\":\"EntryPoint\",\"urlTemplate\":\"https:\/\/rushpdf.com\/?s={search_term_string}\"},\"query-input\":{\"@type\":\"PropertyValueSpecification\",\"valueRequired\":true,\"valueName\":\"search_term_string\"}}],\"inLanguage\":\"de\"},{\"@type\":\"Organization\",\"@id\":\"https:\/\/rushpdf.com\/#organization\",\"name\":\"RushPDF\",\"url\":\"https:\/\/rushpdf.com\/\",\"logo\":{\"@type\":\"ImageObject\",\"inLanguage\":\"de\",\"@id\":\"https:\/\/rushpdf.com\/#\/schema\/logo\/image\/\",\"url\":\"https:\/\/rushpdf.com\/wp-content\/uploads\/2024\/07\/rushpdf_icon180.png\",\"contentUrl\":\"https:\/\/rushpdf.com\/wp-content\/uploads\/2024\/07\/rushpdf_icon180.png\",\"width\":180,\"height\":180,\"caption\":\"RushPDF\"},\"image\":{\"@id\":\"https:\/\/rushpdf.com\/#\/schema\/logo\/image\/\"}}]}<\/script>\n<!-- \/ Yoast SEO plugin. -->","yoast_head_json":{"title":"Split PDF Online. Free and Easy to Use","description":"Split PDF by pages. Split specific page ranges or extract every page into a separate document. No installation or registration required.","robots":{"index":"index","follow":"follow","max-snippet":"max-snippet:-1","max-image-preview":"max-image-preview:large","max-video-preview":"max-video-preview:-1"},"canonical":"https:\/\/rushpdf.com\/de\/split-pdf\/","og_locale":"de_DE","og_type":"article","og_title":"Split PDF Online. Free and Easy to Use","og_description":"Split PDF by pages. Split specific page ranges or extract every page into a separate document. No installation or registration required.","og_url":"https:\/\/rushpdf.com\/de\/split-pdf\/","og_site_name":"RushPDF","article_modified_time":"2025-05-08T07:08:14+00:00","twitter_card":"summary_large_image","schema":{"@context":"https:\/\/schema.org","@graph":[{"@type":"WebPage","@id":"https:\/\/rushpdf.com\/split-pdf\/","url":"https:\/\/rushpdf.com\/split-pdf\/","name":"Split PDF Online. Free and Easy to Use","isPartOf":{"@id":"https:\/\/rushpdf.com\/#website"},"datePublished":"2024-09-11T11:58:11+00:00","dateModified":"2025-05-08T07:08:14+00:00","description":"Split PDF by pages. Split specific page ranges or extract every page into a separate document. No installation or registration required.","breadcrumb":{"@id":"https:\/\/rushpdf.com\/split-pdf\/#breadcrumb"},"inLanguage":"de","potentialAction":[{"@type":"ReadAction","target":["https:\/\/rushpdf.com\/split-pdf\/"]}]},{"@type":"BreadcrumbList","@id":"https:\/\/rushpdf.com\/split-pdf\/#breadcrumb","itemListElement":[{"@type":"ListItem","position":1,"name":"Home","item":"https:\/\/rushpdf.com\/"},{"@type":"ListItem","position":2,"name":"Split PDF"}]},{"@type":"WebSite","@id":"https:\/\/rushpdf.com\/#website","url":"https:\/\/rushpdf.com\/","name":"RushPDF","description":"Your SUPER-powered PDF Tools","publisher":{"@id":"https:\/\/rushpdf.com\/#organization"},"potentialAction":[{"@type":"SearchAction","target":{"@type":"EntryPoint","urlTemplate":"https:\/\/rushpdf.com\/?s={search_term_string}"},"query-input":{"@type":"PropertyValueSpecification","valueRequired":true,"valueName":"search_term_string"}}],"inLanguage":"de"},{"@type":"Organization","@id":"https:\/\/rushpdf.com\/#organization","name":"RushPDF","url":"https:\/\/rushpdf.com\/","logo":{"@type":"ImageObject","inLanguage":"de","@id":"https:\/\/rushpdf.com\/#\/schema\/logo\/image\/","url":"https:\/\/rushpdf.com\/wp-content\/uploads\/2024\/07\/rushpdf_icon180.png","contentUrl":"https:\/\/rushpdf.com\/wp-content\/uploads\/2024\/07\/rushpdf_icon180.png","width":180,"height":180,"caption":"RushPDF"},"image":{"@id":"https:\/\/rushpdf.com\/#\/schema\/logo\/image\/"}}]}},"_links":{"self":[{"href":"https:\/\/rushpdf.com\/de\/wp-json\/wp\/v2\/pages\/235","targetHints":{"allow":["GET"]}}],"collection":[{"href":"https:\/\/rushpdf.com\/de\/wp-json\/wp\/v2\/pages"}],"about":[{"href":"https:\/\/rushpdf.com\/de\/wp-json\/wp\/v2\/types\/page"}],"author":[{"embeddable":true,"href":"https:\/\/rushpdf.com\/de\/wp-json\/wp\/v2\/users\/4"}],"replies":[{"embeddable":true,"href":"https:\/\/rushpdf.com\/de\/wp-json\/wp\/v2\/comments?post=235"}],"version-history":[{"count":0,"href":"https:\/\/rushpdf.com\/de\/wp-json\/wp\/v2\/pages\/235\/revisions"}],"wp:attachment":[{"href":"https:\/\/rushpdf.com\/de\/wp-json\/wp\/v2\/media?parent=235"}],"curies":[{"name":"wp","href":"https:\/\/api.w.org\/{rel}","templated":true}]}}