{"id":224,"date":"2024-09-11T11:51:29","date_gmt":"2024-09-11T11:51:29","guid":{"rendered":"https:\/\/rushpdf.com\/?page_id=224"},"modified":"2024-12-12T06:43:37","modified_gmt":"2024-12-12T06:43:37","slug":"compress-pdf","status":"publish","type":"page","link":"https:\/\/rushpdf.com\/de\/pdf-komprimieren\/","title":{"rendered":"PDF komprimieren"},"content":{"rendered":"<section class=\"py-6 lg:py-12  relative block   acf-upload\">\r\n\t<div class=\"inside_acf-upload\">\r\n\r\n\t\t<div class=\"max-w-screen-xl mx-auto z-10 relative  px-[24px] container\">\r\n    \r\n        \r\n\r\n    \t<div class=\"flex flex-col items-center justify-between lg:py-18  layout_stacked\">\r\n        <div class=\"w-full  upload_side left\">\r\n             \r\n\r\n\r\n<h1 class=\"h2 lg:h1 text-center lg:text-center mb-[0.3em]  font-bold\">\r\n    PDF online komprimieren<\/h1>\r\n\r\n    <p class=\"mb-[1.5em] h5 lg:h3 text-center lg:text-center text-brandDarkGray font-bold subtitle\">\r\n        PDF-Dateigr\u00f6\u00dfe in Sekundenschnelle reduzieren    <\/p>\r\n        <\/div>\r\n        <div class=\"w-full mt-0  upload_side right\">\r\n            <div class=\"bg-white rounded-md shadow-brandSmall w-full lg:w-fit lg:mx-auto p-6 lg:p-8 drop_zone\" id=\"drop_zone_block_d2983cce54736f6465a3d5b803fb1c45\" data-url=\"https:\/\/rushpdf.com\/app\/dashboard\/documents\/new\" data-url-after=\"&#038;compress=true\">\r\n    <div class=\"error-message bg-[#FDF6F6] items-center border-[#DB4E4E] border rounded-md p-4 gap-3 mb-6\">\r\n        <img decoding=\"async\" src=\"https:\/\/rushpdf.com\/wp-content\/themes\/rushpdf\/images\/info.svg\" class=\"w-6 h-6 shrink-0\" \/>\r\n        <p class=\"grow text-[#DB4E4E] text-base\">Hochladen fehlgeschlagen: Stellen Sie sicher, dass Ihre Datei ein g\u00fcltiges Format hat und weniger als 90 MB gro\u00df ist.<\/p>\r\n    <\/div>\r\n\t\t<div class=\"dropper rounded-md flex flex-col justify-center text-center p-6 lg:p-8 relative\" style=\"\">\r\n\t\t\t\t\t<svg class=\"upload-icon w-24 mx-auto mb-8 lg:mb-6\" data-name=\"Layer 1\" xmlns=\"http:\/\/www.w3.org\/2000\/svg\" viewbox=\"0 0 81 75\" alt=\"Upload files\">\r\n\t\t\t\t<path d=\"M80.16,20.83H.5v-3.33C.5,8.31,7.98.83,17.17.83h8.43c1.54,0,3.09.36,4.47,1.05l10.52,5.26c.46.23.98.35,1.49.35h21.76c8.05,0,14.78,5.74,16.33,13.34ZM80.5,27.5v30c0,9.19-7.48,16.67-16.67,16.67H17.17c-9.19,0-16.67-7.48-16.67-16.67v-30h80ZM52.86,42.43l-5.38-5.38c-3.85-3.85-10.11-3.85-13.96,0l-5.38,5.38c-3.07,3.1,1.62,7.78,4.71,4.71l4.31-4.31v21.33c.02,4.36,6.65,4.36,6.67,0v-21.33l4.31,4.31c3.1,3.07,7.78-1.62,4.71-4.71Z\"\/>\r\n\t\t\t<\/svg>\r\n\t\t\r\n        <h3 class=\"h3 text-brandDarkGray font-bold mb-3 lg:mb-8 lg:block\">Dokument zum Hochladen hierher ziehen und ablegen<\/h3>\r\n        <p class=\"h6 text-brandGray upload_instructions\">\r\n\r\n            \r\n                Nur\r\n                                    PDF, JPG, PNG, Word, Excel (ausgenommen CSV) &amp; PowerPoint (&lt; 90 MB) erlaubt\r\n\r\n                    <\/p>\r\n        <form action=\"https:\/\/rushpdf.com\/wp-admin\/admin-post.php\" method=\"post\" enctype=\"multipart\/form-data\" class=\"upload-form relative z-20 w-full mx-auto\">\r\n\t\t\t<label class=\"btn-primary block w-full lg:w-fit mx-auto cursor-pointer upload_button\" style=\"\">\r\n                                    <input type=\"file\" name=\"file\" class=\"hidden fileUpload\" id=\"fileUpload_block_d2983cce54736f6465a3d5b803fb1c45\" accept=\"application\/pdf,image\/jpeg,image\/png,application\/doc,application\/ms-doc,application\/msword,application\/vnd.openxmlformats-officedocument.wordprocessingml.document,application\/excel,application\/vnd.ms-excel,application\/x-excel,application\/x-msexcel,application\/vnd.openxmlformats-officedocument.spreadsheetml.sheet,application\/mspowerpoint,application\/powerpoint,application\/vnd.ms-powerpoint,application\/x-mspowerpoint,application\/vnd.openxmlformats-officedocument.presentationml.presentation\" data-size-limit=\"90\" >\r\n                                Vom Ger\u00e4t hochladen            <\/label>\r\n            <input type=\"hidden\" name=\"action\" value=\"s3_upload_file\">\r\n            <input type=\"hidden\" name=\"upload_form_nonce\" value=\"1ea2bb3b5a\">\r\n\r\n            <p class=\"my-3 text-center text-brandGray\" id=\"form-output_block_d2983cce54736f6465a3d5b803fb1c45\"><\/p>\r\n\r\n        <\/form>\r\n        <div class=\"w-full h-full absolute top-0 left-0 z-10 dropHandlerElement\" data-dropzone=\"drop_zone_block_d2983cce54736f6465a3d5b803fb1c45\">\r\n        <\/div>\r\n        <div class=\"loader z-30 flex-col gap-4 items-center justify-center w-full h-full absolute top-0 left-0 bg-white text-2xl font-bold rounded-lg\">\r\n            <img decoding=\"async\" src=\"https:\/\/rushpdf.com\/wp-content\/themes\/rushpdf\/images\/loader.svg\" class=\"w-24 h-24\" \/>\r\n            <span id=\"loadingText\">Laden...<\/span>\r\n        <\/div>\r\n    <\/div>\r\n<\/div>\r\n        <\/div>\r\n    <\/div>\r\n\r\n\t\t<\/div>\r\n    <\/div>\r\n<\/section>\r\n\n\n\r\n\r\n<section class=\"py-10 lg:py-16  relative block   acf-content\">\r\n\t<div class=\"inside_acf-content\">\r\n\r\n\t\t<div class=\"max-w-screen-xl mx-auto z-10 relative  px-[24px] container\">\r\n    \r\n        \r\n\r\n     \r\n\r\n\r\n<h2 class=\"h3 lg:h2 text-center lg:text-center mb-[1em]  font-bold\">\r\n    Wie man PDF-Dateien komprimiert<\/h2>\r\n\r\n    <p class=\"mb-[1.5em] h5 lg:h3 text-center lg:text-center  font-bold subtitle\">\r\n        Einfaches Komprimieren von PDFs ohne Qualit\u00e4tseinbu\u00dfen. Laden Sie Ihre Datei hoch und verkleinern Sie sie in Sekunden mit dem kostenlosen und schnellen PDF-Kompressor von RushPDF.    <\/p>\r\n\r\n    \r\n    \r\n\t\t<\/div>\r\n    <\/div>\r\n<\/section>\r\n\n\n\r\n\r\n<section class=\"relative block   acf-content-with-image\">\r\n\t<div class=\"inside_acf-content-with-image\">\r\n\r\n\t\t<div class=\"max-w-screen-xl mx-auto z-10 relative  px-[24px] container\">\r\n    \r\n        \r\n\r\n    <div class=\"flex flex-col items-center pt-10 pb-12 lg:flex-row\">\r\n        <div class=\"w-full lg:w-6\/12 mb-6 lg:pr-12\">\r\n                            <div class=\"w-full h-auto bg-brandSnowGray rounded-md\">\r\n                    <img loading=\"lazy\" decoding=\"async\" width=\"583\" height=\"430\" src=\"https:\/\/rushpdf.com\/wp-content\/uploads\/2024\/10\/upload-file-to-compress-pdf.png\" class=\"attachment-full size-full\" alt=\"Illustration einer Schnittstelle zum Hochladen von Dateien mit einer Option zum Hochladen eines Dokuments von einem Ger\u00e4t. Ein PDF-Symbol und eine Unterschriftsgrafik werden an der Seite angezeigt und weisen auf die Funktion zum Hochladen von Dokumenten hin.\" srcset=\"https:\/\/rushpdf.com\/wp-content\/uploads\/2024\/10\/upload-file-to-compress-pdf.png 583w, https:\/\/rushpdf.com\/wp-content\/uploads\/2024\/10\/upload-file-to-compress-pdf-300x221.png 300w\" sizes=\"auto, (max-width: 583px) 100vw, 583px\" \/>                <\/div>\r\n                    <\/div>\r\n        <div class=\"w-full lg:w-6\/12\">\r\n             \r\n\r\n\r\n\r\n\r\n                            <div class=\"prose\">\r\n                    <h3>Schritt 1: Hochladen Ihrer PDF-Datei<\/h3>\n<ul>\n<li><strong>Ziehen und Ablegen:<\/strong> \u00d6ffnen Sie das RushPDF-Tool und ziehen Sie Ihre PDF-Datei per Drag &amp; Drop direkt in den Upload-Bereich.<\/li>\n<li><strong>W\u00e4hlen Sie Ihr Ger\u00e4t aus:<\/strong> Klicken Sie auf die Schaltfl\u00e4che \"Hochladen\", um Ihr Ger\u00e4t zu durchsuchen und die PDF-Datei auszuw\u00e4hlen, die Sie komprimieren m\u00f6chten.<\/li>\n<li><strong>Unterst\u00fctzte Dateitypen:<\/strong> RushPDF unterst\u00fctzt alle PDF-Typen, egal ob es sich um ein gro\u00dfes mehrseitiges Dokument oder eine gescannte Datei handelt.<\/li>\n<\/ul>\n                <\/div>\r\n            \r\n                    <\/div>\r\n    <\/div>\r\n\r\n\t\t<\/div>\r\n    <\/div>\r\n<\/section>\r\n\n\n\r\n\r\n<section class=\"relative block   acf-content-with-image\">\r\n\t<div class=\"inside_acf-content-with-image\">\r\n\r\n\t\t<div class=\"max-w-screen-xl mx-auto z-10 relative  px-[24px] container\">\r\n    \r\n        \r\n\r\n    <div class=\"flex flex-col items-center pt-10 pb-12 lg:flex-row-reverse\">\r\n        <div class=\"w-full lg:w-6\/12 mb-6 lg:pl-12\">\r\n                            <div class=\"w-full h-auto bg-brandSnowGray rounded-md\">\r\n                    <img loading=\"lazy\" decoding=\"async\" width=\"583\" height=\"410\" src=\"https:\/\/rushpdf.com\/wp-content\/uploads\/2024\/10\/compress-PDF-file.png\" class=\"attachment-full size-full\" alt=\"Illustration einer Schnittstelle zur Dateikomprimierung. Es wird eine Schaltfl\u00e4che zum Komprimieren angezeigt, mit einer Grafik eines Dokuments und Pfeilen zur Gr\u00f6\u00dfen\u00e4nderung, die einen Dateikomprimierungsprozess anzeigen. An der Seite ist ein PDF-Symbol mit Komprimierungssymbolen zu sehen.\" srcset=\"https:\/\/rushpdf.com\/wp-content\/uploads\/2024\/10\/compress-PDF-file.png 583w, https:\/\/rushpdf.com\/wp-content\/uploads\/2024\/10\/compress-PDF-file-300x211.png 300w\" sizes=\"auto, (max-width: 583px) 100vw, 583px\" \/>                <\/div>\r\n                    <\/div>\r\n        <div class=\"w-full lg:w-6\/12\">\r\n             \r\n\r\n\r\n\r\n\r\n                            <div class=\"prose\">\r\n                    <h3>Schritt 2: Komprimieren der PDF-Datei<\/h3>\n<ul>\n<li><strong>Komprimierung starten<\/strong>: Klicken Sie auf die Schaltfl\u00e4che \"Komprimieren\", um zu beginnen.<\/li>\n<li><strong>Schnelle Verarbeitung<\/strong>: Die fortschrittlichen Algorithmen von RushPDF reduzieren die Dateigr\u00f6\u00dfe durch die Optimierung von Bildern, Schriftarten und unn\u00f6tigen Daten schnell.<\/li>\n<li><strong>Fortschritt in Echtzeit<\/strong>: Beobachten Sie den Fortschrittsbalken (falls vorhanden), w\u00e4hrend Ihr PDF in Sekundenschnelle komprimiert wird.<\/li>\n<\/ul>\n<h3>Schritt 3: Laden Sie Ihr komprimiertes PDF herunter<\/h3>\n<ul>\n<li><strong>Sofortiger Download:<\/strong> Sobald die Komprimierung abgeschlossen ist, klicken Sie auf die Schaltfl\u00e4che \"Herunterladen\", um die komprimierte Datei auf Ihrem Ger\u00e4t zu speichern.<\/li>\n<li><strong>Dateigr\u00f6\u00dfen vergleichen:<\/strong> Zeigen Sie die urspr\u00fcngliche und die komprimierte Dateigr\u00f6\u00dfe nebeneinander an, um zu sehen, wie viel Speicherplatz Sie eingespart haben.<\/li>\n<\/ul>\n                <\/div>\r\n            \r\n                    <\/div>\r\n    <\/div>\r\n\r\n\t\t<\/div>\r\n    <\/div>\r\n<\/section>\r\n\n\n\r\n\r\n<section class=\"py-10 lg:py-16  relative block   acf-features\">\r\n\t<div class=\"inside_acf-features\">\r\n\r\n\t\t<div class=\"max-w-screen-xl mx-auto z-10 relative  px-[24px] container\">\r\n    \r\n        \r\n\r\n \r\n\r\n\r\n<h2 class=\"h3 lg:h2 text-center lg:text-center mb-[1em]  font-bold\">\r\n    Schnell, einfach, sicher<\/h2>\r\n\r\n\r\n    <div id=\"block_8097609a96cc8236327e7576cc7ec0cf\">\r\n        \r\n            \r\n                            \r\n\t\t\t\t<div class=\"tab_group active\" data-index=\"0\">\r\n                \r\n                                    <div class=\"flex lg:grid gap-5 mb-12 mt-6 tab-content  lg:grid-cols-3\">\r\n                         \r\n\r\n                            \r\n                                \r\n                                    <div class=\"card  rounded-md\">\r\n                                                                                    <img decoding=\"async\" src=\"https:\/\/rushpdf.com\/wp-content\/uploads\/2024\/08\/sqr-convert.svg\" class=\"w-16 h-16 mb-3\" alt=\"Icon f\u00fcr m\u00fchelose PDF-Komprimierung\" \/>\r\n                                                                                <div class=\"flex gap-3 items-center\">\r\n                                                                                        <h4 class=\"h3 font-bold\">M\u00fchelose PDF-Komprimierung<\/h4>\r\n                                        <\/div>\r\n                                        <p>Dank unserer benutzerfreundlichen Oberfl\u00e4che k\u00f6nnen Sie die Gr\u00f6\u00dfe von PDF-Dateien mit nur wenigen Klicks reduzieren und so ein schnelles und einfaches Ergebnis erzielen. Genie\u00dfen Sie hochwertige Ergebnisse, ohne die Integrit\u00e4t Ihres Dokuments zu gef\u00e4hrden.<\/p>\r\n                                    <\/div>\r\n                                \r\n                            \r\n                         \r\n\r\n                            \r\n                                \r\n                                    <div class=\"card  rounded-md\">\r\n                                                                                    <img decoding=\"async\" src=\"https:\/\/rushpdf.com\/wp-content\/uploads\/2024\/08\/ico-rearrange.svg\" class=\"w-16 h-16 mb-3\" alt=\"Symbol f\u00fcr die Komprimierung von PDFs an jedem Ort\" \/>\r\n                                                                                <div class=\"flex gap-3 items-center\">\r\n                                                                                        <h4 class=\"h3 font-bold\">PDFs \u00fcberall komprimieren<\/h4>\r\n                                        <\/div>\r\n                                        <p>Komprimieren Sie PDFs unterwegs mit RushPDF! Mit unserem Tool k\u00f6nnen Sie Ihre Dokumente von jedem Ger\u00e4t aus verwalten. So k\u00f6nnen Sie jederzeit und \u00fcberall PDFs komprimieren oder in Word konvertieren.\r\n\r\n<\/p>\r\n                                    <\/div>\r\n                                \r\n                            \r\n                         \r\n\r\n                            \r\n                                \r\n                                    <div class=\"card  rounded-md\">\r\n                                                                                    <img decoding=\"async\" src=\"https:\/\/rushpdf.com\/wp-content\/uploads\/2024\/08\/edit-hilite.svg\" class=\"w-16 h-16 mb-3\" alt=\"Symbol f\u00fcr mehr Sicherheit f\u00fcr Ihre PDFs\" \/>\r\n                                                                                <div class=\"flex gap-3 items-center\">\r\n                                                                                        <h4 class=\"h3 font-bold\">Erh\u00f6hte Sicherheit f\u00fcr Ihre PDFs<\/h4>\r\n                                        <\/div>\r\n                                        <p>Ihre Dokumente sind bei RushPDF sicher. Unsere robusten Sicherheitsma\u00dfnahmen sch\u00fctzen Ihre PDFs vor unbefugtem Zugriff, so dass Sie sich w\u00e4hrend des gesamten Komprimierungsprozesses keine Sorgen machen m\u00fcssen.<\/p>\r\n                                    <\/div>\r\n                                \r\n                            \r\n                                            <\/div>\r\n                \t\t\t\t<\/div>\r\n            \r\n        \r\n        \r\n    <\/div>\r\n\r\n\t\t<\/div>\r\n    <\/div>\r\n<\/section>","protected":false},"excerpt":{"rendered":"","protected":false},"author":10,"featured_media":0,"parent":0,"menu_order":0,"comment_status":"closed","ping_status":"closed","template":"page_templates\/page_builder.php","meta":{"_acf_changed":false,"footnotes":""},"class_list":["post-224","page","type-page","status-publish","hentry"],"acf":[],"yoast_head":"<!-- This site is optimized with the Yoast SEO plugin v23.5 - https:\/\/yoast.com\/wordpress\/plugins\/seo\/ -->\n<title>Compress PDF Online - Reduce PDF File Size with RushPDF<\/title>\n<meta name=\"description\" content=\"Compress PDF without sacrificing quality. Upload your file and reduce its size in seconds with our free and fast PDF compressor.\" \/>\n<meta name=\"robots\" content=\"index, follow, max-snippet:-1, max-image-preview:large, max-video-preview:-1\" \/>\n<link rel=\"canonical\" href=\"https:\/\/rushpdf.com\/de\/pdf-komprimieren\/\" \/>\n<meta property=\"og:locale\" content=\"de_DE\" \/>\n<meta property=\"og:type\" content=\"article\" \/>\n<meta property=\"og:title\" content=\"Compress PDF Online - Reduce PDF File Size with RushPDF\" \/>\n<meta property=\"og:description\" content=\"Compress PDF without sacrificing quality. Upload your file and reduce its size in seconds with our free and fast PDF compressor.\" \/>\n<meta property=\"og:url\" content=\"https:\/\/rushpdf.com\/de\/pdf-komprimieren\/\" \/>\n<meta property=\"og:site_name\" content=\"RushPDF\" \/>\n<meta property=\"article:modified_time\" content=\"2024-12-12T06:43:37+00:00\" \/>\n<meta name=\"twitter:card\" content=\"summary_large_image\" \/>\n<script type=\"application\/ld+json\" class=\"yoast-schema-graph\">{\"@context\":\"https:\/\/schema.org\",\"@graph\":[{\"@type\":\"WebPage\",\"@id\":\"https:\/\/rushpdf.com\/compress-pdf\/\",\"url\":\"https:\/\/rushpdf.com\/compress-pdf\/\",\"name\":\"Compress PDF Online - Reduce PDF File Size with RushPDF\",\"isPartOf\":{\"@id\":\"https:\/\/rushpdf.com\/#website\"},\"datePublished\":\"2024-09-11T11:51:29+00:00\",\"dateModified\":\"2024-12-12T06:43:37+00:00\",\"description\":\"Compress PDF without sacrificing quality. Upload your file and reduce its size in seconds with our free and fast PDF compressor.\",\"breadcrumb\":{\"@id\":\"https:\/\/rushpdf.com\/compress-pdf\/#breadcrumb\"},\"inLanguage\":\"de\",\"potentialAction\":[{\"@type\":\"ReadAction\",\"target\":[\"https:\/\/rushpdf.com\/compress-pdf\/\"]}]},{\"@type\":\"BreadcrumbList\",\"@id\":\"https:\/\/rushpdf.com\/compress-pdf\/#breadcrumb\",\"itemListElement\":[{\"@type\":\"ListItem\",\"position\":1,\"name\":\"Home\",\"item\":\"https:\/\/rushpdf.com\/\"},{\"@type\":\"ListItem\",\"position\":2,\"name\":\"Compress PDF\"}]},{\"@type\":\"WebSite\",\"@id\":\"https:\/\/rushpdf.com\/#website\",\"url\":\"https:\/\/rushpdf.com\/\",\"name\":\"RushPDF\",\"description\":\"Your SUPER-powered PDF Tools\",\"publisher\":{\"@id\":\"https:\/\/rushpdf.com\/#organization\"},\"potentialAction\":[{\"@type\":\"SearchAction\",\"target\":{\"@type\":\"EntryPoint\",\"urlTemplate\":\"https:\/\/rushpdf.com\/?s={search_term_string}\"},\"query-input\":{\"@type\":\"PropertyValueSpecification\",\"valueRequired\":true,\"valueName\":\"search_term_string\"}}],\"inLanguage\":\"de\"},{\"@type\":\"Organization\",\"@id\":\"https:\/\/rushpdf.com\/#organization\",\"name\":\"RushPDF\",\"url\":\"https:\/\/rushpdf.com\/\",\"logo\":{\"@type\":\"ImageObject\",\"inLanguage\":\"de\",\"@id\":\"https:\/\/rushpdf.com\/#\/schema\/logo\/image\/\",\"url\":\"https:\/\/rushpdf.com\/wp-content\/uploads\/2024\/07\/rushpdf_icon180.png\",\"contentUrl\":\"https:\/\/rushpdf.com\/wp-content\/uploads\/2024\/07\/rushpdf_icon180.png\",\"width\":180,\"height\":180,\"caption\":\"RushPDF\"},\"image\":{\"@id\":\"https:\/\/rushpdf.com\/#\/schema\/logo\/image\/\"}}]}<\/script>\n<!-- \/ Yoast SEO plugin. -->","yoast_head_json":{"title":"Compress PDF Online - Reduce PDF File Size with RushPDF","description":"Compress PDF without sacrificing quality. Upload your file and reduce its size in seconds with our free and fast PDF compressor.","robots":{"index":"index","follow":"follow","max-snippet":"max-snippet:-1","max-image-preview":"max-image-preview:large","max-video-preview":"max-video-preview:-1"},"canonical":"https:\/\/rushpdf.com\/de\/pdf-komprimieren\/","og_locale":"de_DE","og_type":"article","og_title":"Compress PDF Online - Reduce PDF File Size with RushPDF","og_description":"Compress PDF without sacrificing quality. Upload your file and reduce its size in seconds with our free and fast PDF compressor.","og_url":"https:\/\/rushpdf.com\/de\/pdf-komprimieren\/","og_site_name":"RushPDF","article_modified_time":"2024-12-12T06:43:37+00:00","twitter_card":"summary_large_image","schema":{"@context":"https:\/\/schema.org","@graph":[{"@type":"WebPage","@id":"https:\/\/rushpdf.com\/compress-pdf\/","url":"https:\/\/rushpdf.com\/compress-pdf\/","name":"Compress PDF Online - Reduce PDF File Size with RushPDF","isPartOf":{"@id":"https:\/\/rushpdf.com\/#website"},"datePublished":"2024-09-11T11:51:29+00:00","dateModified":"2024-12-12T06:43:37+00:00","description":"Compress PDF without sacrificing quality. Upload your file and reduce its size in seconds with our free and fast PDF compressor.","breadcrumb":{"@id":"https:\/\/rushpdf.com\/compress-pdf\/#breadcrumb"},"inLanguage":"de","potentialAction":[{"@type":"ReadAction","target":["https:\/\/rushpdf.com\/compress-pdf\/"]}]},{"@type":"BreadcrumbList","@id":"https:\/\/rushpdf.com\/compress-pdf\/#breadcrumb","itemListElement":[{"@type":"ListItem","position":1,"name":"Home","item":"https:\/\/rushpdf.com\/"},{"@type":"ListItem","position":2,"name":"Compress PDF"}]},{"@type":"WebSite","@id":"https:\/\/rushpdf.com\/#website","url":"https:\/\/rushpdf.com\/","name":"RushPDF","description":"Your SUPER-powered PDF Tools","publisher":{"@id":"https:\/\/rushpdf.com\/#organization"},"potentialAction":[{"@type":"SearchAction","target":{"@type":"EntryPoint","urlTemplate":"https:\/\/rushpdf.com\/?s={search_term_string}"},"query-input":{"@type":"PropertyValueSpecification","valueRequired":true,"valueName":"search_term_string"}}],"inLanguage":"de"},{"@type":"Organization","@id":"https:\/\/rushpdf.com\/#organization","name":"RushPDF","url":"https:\/\/rushpdf.com\/","logo":{"@type":"ImageObject","inLanguage":"de","@id":"https:\/\/rushpdf.com\/#\/schema\/logo\/image\/","url":"https:\/\/rushpdf.com\/wp-content\/uploads\/2024\/07\/rushpdf_icon180.png","contentUrl":"https:\/\/rushpdf.com\/wp-content\/uploads\/2024\/07\/rushpdf_icon180.png","width":180,"height":180,"caption":"RushPDF"},"image":{"@id":"https:\/\/rushpdf.com\/#\/schema\/logo\/image\/"}}]}},"_links":{"self":[{"href":"https:\/\/rushpdf.com\/de\/wp-json\/wp\/v2\/pages\/224","targetHints":{"allow":["GET"]}}],"collection":[{"href":"https:\/\/rushpdf.com\/de\/wp-json\/wp\/v2\/pages"}],"about":[{"href":"https:\/\/rushpdf.com\/de\/wp-json\/wp\/v2\/types\/page"}],"author":[{"embeddable":true,"href":"https:\/\/rushpdf.com\/de\/wp-json\/wp\/v2\/users\/10"}],"replies":[{"embeddable":true,"href":"https:\/\/rushpdf.com\/de\/wp-json\/wp\/v2\/comments?post=224"}],"version-history":[{"count":0,"href":"https:\/\/rushpdf.com\/de\/wp-json\/wp\/v2\/pages\/224\/revisions"}],"wp:attachment":[{"href":"https:\/\/rushpdf.com\/de\/wp-json\/wp\/v2\/media?parent=224"}],"curies":[{"name":"wp","href":"https:\/\/api.w.org\/{rel}","templated":true}]}}