{"id":217,"date":"2024-09-11T11:51:29","date_gmt":"2024-09-11T11:51:29","guid":{"rendered":"https:\/\/rushpdf.com\/?page_id=217"},"modified":"2024-12-07T07:07:13","modified_gmt":"2024-12-07T07:07:13","slug":"organize-pdf","status":"publish","type":"page","link":"https:\/\/rushpdf.com\/de\/pdf-organisieren\/","title":{"rendered":"Organisieren von PDF-Seiten"},"content":{"rendered":"<section class=\"py-6 lg:py-12  relative block   acf-upload\">\r\n\t<div class=\"inside_acf-upload\">\r\n\r\n\t\t<div class=\"max-w-screen-xl mx-auto z-10 relative  px-[24px] container\">\r\n    \r\n        \r\n\r\n    \t<div class=\"flex flex-col items-center justify-between lg:py-18  layout_stacked\">\r\n        <div class=\"w-full  upload_side left\">\r\n             \r\n\r\n\r\n<h1 class=\"h2 lg:h1 text-center lg:text-center mb-[1em]  font-bold\">\r\n    PDF-Seiten anordnen und neu sortieren<\/h1>\r\n\r\n    <p class=\"mb-[1.5em] h4 lg:h3 text-center lg:text-center text-brandDarkGray font-bold subtitle\">\r\n        Einfaches Organisieren, Anordnen und Umordnen von PDF-Seiten    <\/p>\r\n        <\/div>\r\n        <div class=\"w-full mt-0  upload_side right\">\r\n            <div class=\"bg-white rounded-md shadow-brandSmall w-full lg:w-fit lg:mx-auto p-6 lg:p-8 drop_zone\" id=\"drop_zone_block_f8ee5c5789059cd26847ef3e55add963\" data-url=\"https:\/\/rushpdf.com\/app\/dashboard\/documents\/new\" data-url-after=\"\">\r\n    <div class=\"error-message bg-[#FDF6F6] items-center border-[#DB4E4E] border rounded-md p-4 gap-3 mb-6\">\r\n        <img decoding=\"async\" src=\"https:\/\/rushpdf.com\/wp-content\/themes\/rushpdf\/images\/info.svg\" class=\"w-6 h-6 shrink-0\" \/>\r\n        <p class=\"grow text-[#DB4E4E] text-base\">Hochladen fehlgeschlagen: Stellen Sie sicher, dass Ihre Datei ein g\u00fcltiges Format hat und weniger als 100 MB gro\u00df ist.<\/p>\r\n    <\/div>\r\n\t\t<div class=\"dropper rounded-md flex flex-col justify-center text-center p-6 lg:p-8 relative\" style=\"\">\r\n\t\t\t\t\t<svg class=\"upload-icon w-24 mx-auto mb-8 lg:mb-6\" data-name=\"Layer 1\" xmlns=\"http:\/\/www.w3.org\/2000\/svg\" viewbox=\"0 0 81 75\" alt=\"Upload files\">\r\n\t\t\t\t<path d=\"M80.16,20.83H.5v-3.33C.5,8.31,7.98.83,17.17.83h8.43c1.54,0,3.09.36,4.47,1.05l10.52,5.26c.46.23.98.35,1.49.35h21.76c8.05,0,14.78,5.74,16.33,13.34ZM80.5,27.5v30c0,9.19-7.48,16.67-16.67,16.67H17.17c-9.19,0-16.67-7.48-16.67-16.67v-30h80ZM52.86,42.43l-5.38-5.38c-3.85-3.85-10.11-3.85-13.96,0l-5.38,5.38c-3.07,3.1,1.62,7.78,4.71,4.71l4.31-4.31v21.33c.02,4.36,6.65,4.36,6.67,0v-21.33l4.31,4.31c3.1,3.07,7.78-1.62,4.71-4.71Z\"\/>\r\n\t\t\t<\/svg>\r\n\t\t\r\n        <h3 class=\"h3 text-brandDarkGray font-bold mb-3 lg:mb-8 lg:block\">Dokument zum Hochladen hierher ziehen und ablegen<\/h3>\r\n        <p class=\"h6 text-brandGray upload_instructions\">\r\n\r\n            \r\n                Nur\r\n                                    PDF, JPG, PNG, Word, Excel (ausgenommen CSV) &amp; PowerPoint (&lt; 100 MB) erlaubt\r\n\r\n                    <\/p>\r\n        <form action=\"https:\/\/rushpdf.com\/wp-admin\/admin-post.php\" method=\"post\" enctype=\"multipart\/form-data\" class=\"upload-form relative z-20 w-full mx-auto\">\r\n\t\t\t<label class=\"btn-primary block w-full lg:w-fit mx-auto cursor-pointer upload_button\" style=\"\">\r\n                                    <input type=\"file\" name=\"file\" class=\"hidden fileUpload\" id=\"fileUpload_block_f8ee5c5789059cd26847ef3e55add963\" accept=\"application\/pdf,image\/jpeg,image\/png,application\/doc,application\/ms-doc,application\/msword,application\/vnd.openxmlformats-officedocument.wordprocessingml.document,application\/excel,application\/vnd.ms-excel,application\/x-excel,application\/x-msexcel,application\/vnd.openxmlformats-officedocument.spreadsheetml.sheet,application\/mspowerpoint,application\/powerpoint,application\/vnd.ms-powerpoint,application\/x-mspowerpoint,application\/vnd.openxmlformats-officedocument.presentationml.presentation\" data-size-limit=\"100\" >\r\n                                Vom Ger\u00e4t hochladen            <\/label>\r\n            <input type=\"hidden\" name=\"action\" value=\"s3_upload_file\">\r\n            <input type=\"hidden\" name=\"upload_form_nonce\" value=\"076d6534e7\">\r\n\r\n            <p class=\"my-3 text-center text-brandGray\" id=\"form-output_block_f8ee5c5789059cd26847ef3e55add963\"><\/p>\r\n\r\n        <\/form>\r\n        <div class=\"w-full h-full absolute top-0 left-0 z-10 dropHandlerElement\" data-dropzone=\"drop_zone_block_f8ee5c5789059cd26847ef3e55add963\">\r\n        <\/div>\r\n        <div class=\"loader z-30 flex-col gap-4 items-center justify-center w-full h-full absolute top-0 left-0 bg-white text-2xl font-bold rounded-lg\">\r\n            <img decoding=\"async\" src=\"https:\/\/rushpdf.com\/wp-content\/themes\/rushpdf\/images\/loader.svg\" class=\"w-24 h-24\" \/>\r\n            <span id=\"loadingText\">Laden...<\/span>\r\n        <\/div>\r\n    <\/div>\r\n<\/div>\r\n        <\/div>\r\n    <\/div>\r\n\r\n\t\t<\/div>\r\n    <\/div>\r\n<\/section>\r\n\n\n\r\n\r\n<section class=\"py-10 lg:py-16  relative block   acf-content\">\r\n\t<div class=\"inside_acf-content\">\r\n\r\n\t\t<div class=\"max-w-screen-xl mx-auto z-10 relative  px-[24px] container\">\r\n    \r\n        \r\n\r\n     \r\n\r\n\r\n<h2 class=\"h2 lg:h2 text-center lg:text-center mb-[1em]  font-bold\">\r\n    PDF-Seiten m\u00fchelos online organisieren<\/h2>\r\n\r\n    <p class=\"mb-[1.5em] h4 lg:h3 text-center lg:text-center text-brandDarkGray font-normal subtitle\">\r\n        Mit nur wenigen Klicks k\u00f6nnen Sie Seiten in Ihren PDF-Dateien organisieren, neu anordnen, drehen oder l\u00f6schen. Befolgen Sie diese einfachen Schritte, um Ihre Dokumente in perfekter Ordnung zu halten, egal ob Sie an Ihrem Schreibtisch oder unterwegs arbeiten.    <\/p>\r\n\r\n    \r\n    \r\n\t\t<\/div>\r\n    <\/div>\r\n<\/section>\r\n\n\n\r\n\r\n<section class=\"relative block   acf-content-with-image\">\r\n\t<div class=\"inside_acf-content-with-image\">\r\n\r\n\t\t<div class=\"max-w-screen-xl mx-auto z-10 relative  px-[24px] container\">\r\n    \r\n        \r\n\r\n    <div class=\"flex flex-col items-center pt-10 pb-12 lg:flex-row\">\r\n        <div class=\"w-full lg:w-6\/12 mb-6 lg:pr-12\">\r\n                            <div class=\"w-full h-auto bg-brandSnowGray rounded-md\">\r\n                    <img loading=\"lazy\" decoding=\"async\" width=\"3330\" height=\"1394\" src=\"https:\/\/rushpdf.com\/wp-content\/uploads\/2024\/10\/Add-file-to-organize-pdf.png\" class=\"attachment-full size-full\" alt=\"Pop-up-Fenster mit der \u00dcberschrift &quot;F\u00fcgen Sie Ihre Datei hinzu&quot;, das es den Nutzern erm\u00f6glicht, pdf-Dateien anzuordnen und zu organisieren\" srcset=\"https:\/\/rushpdf.com\/wp-content\/uploads\/2024\/10\/Add-file-to-organize-pdf.png 3330w, https:\/\/rushpdf.com\/wp-content\/uploads\/2024\/10\/Add-file-to-organize-pdf-300x126.png 300w, https:\/\/rushpdf.com\/wp-content\/uploads\/2024\/10\/Add-file-to-organize-pdf-1024x429.png 1024w, https:\/\/rushpdf.com\/wp-content\/uploads\/2024\/10\/Add-file-to-organize-pdf-768x321.png 768w, https:\/\/rushpdf.com\/wp-content\/uploads\/2024\/10\/Add-file-to-organize-pdf-1536x643.png 1536w, https:\/\/rushpdf.com\/wp-content\/uploads\/2024\/10\/Add-file-to-organize-pdf-2048x857.png 2048w\" sizes=\"auto, (max-width: 3330px) 100vw, 3330px\" \/>                <\/div>\r\n                    <\/div>\r\n        <div class=\"w-full lg:w-6\/12\">\r\n             \r\n\r\n\r\n\r\n\r\n                            <div class=\"prose\">\r\n                    <h3>Schritt 1: Hochladen Ihrer PDF-Datei<\/h3>\n<ul>\n<li>Klicken Sie auf den \"<strong>Hochladen<\/strong>\" Schaltfl\u00e4che<\/li>\n<li>W\u00e4hlen Sie die PDF-Datei auf Ihrem Computer aus, oder ziehen Sie die Datei per Drag &amp; Drop in den vorgesehenen Bereich.<\/li>\n<li>Warten Sie einen Moment, bis die Datei sicher hochgeladen ist und zur Bearbeitung angezeigt wird.<\/li>\n<\/ul>\n<h3>Schritt 2: Organisieren von PDF-Seiten<\/h3>\n<ul>\n<li><strong>Seiten neu anordnen:<\/strong> Ziehen Sie die Seiten einfach per Drag &amp; Drop, um sie neu anzuordnen.<\/li>\n<li><strong>Seiten rotieren:<\/strong> Klicken Sie auf das Symbol \"Drehen\" auf einer beliebigen Seite, um deren Ausrichtung anzupassen.<\/li>\n<li><strong>Seiten l\u00f6schen:<\/strong> Entfernen Sie unerw\u00fcnschte Seiten, indem Sie auf das Papierkorbsymbol klicken.<\/li>\n<li>\u00dcberpr\u00fcfen Sie Ihre PDF-Datei in Echtzeit, um sicherzustellen, dass alles korrekt aussieht.<\/li>\n<\/ul>\n                <\/div>\r\n            \r\n                    <\/div>\r\n    <\/div>\r\n\r\n\t\t<\/div>\r\n    <\/div>\r\n<\/section>\r\n\n\n\r\n\r\n<section class=\"relative block   acf-content-with-image\">\r\n\t<div class=\"inside_acf-content-with-image\">\r\n\r\n\t\t<div class=\"max-w-screen-xl mx-auto z-10 relative  px-[24px] container\">\r\n    \r\n        \r\n\r\n    <div class=\"flex flex-col items-center pt-10 pb-12 lg:flex-row-reverse\">\r\n        <div class=\"w-full lg:w-6\/12 mb-6 lg:pl-12\">\r\n                            <div class=\"w-full h-auto bg-brandSnowGray rounded-md\">\r\n                    <img loading=\"lazy\" decoding=\"async\" width=\"3406\" height=\"1716\" src=\"https:\/\/rushpdf.com\/wp-content\/uploads\/2024\/10\/organize-pdf-pages.png\" class=\"attachment-full size-full\" alt=\"Dokumentenschnittstelle, die es den Nutzern erm\u00f6glicht, ihre pdf-Dateien zu ordnen\" srcset=\"https:\/\/rushpdf.com\/wp-content\/uploads\/2024\/10\/organize-pdf-pages.png 3406w, https:\/\/rushpdf.com\/wp-content\/uploads\/2024\/10\/organize-pdf-pages-300x151.png 300w, https:\/\/rushpdf.com\/wp-content\/uploads\/2024\/10\/organize-pdf-pages-1024x516.png 1024w, https:\/\/rushpdf.com\/wp-content\/uploads\/2024\/10\/organize-pdf-pages-768x387.png 768w, https:\/\/rushpdf.com\/wp-content\/uploads\/2024\/10\/organize-pdf-pages-1536x774.png 1536w, https:\/\/rushpdf.com\/wp-content\/uploads\/2024\/10\/organize-pdf-pages-2048x1032.png 2048w\" sizes=\"auto, (max-width: 3406px) 100vw, 3406px\" \/>                <\/div>\r\n                    <\/div>\r\n        <div class=\"w-full lg:w-6\/12\">\r\n             \r\n\r\n\r\n\r\n\r\n                            <div class=\"prose\">\r\n                    <h3>Schritt 3: \u00c4nderungen an der organisierten PDF-Datei vornehmen<\/h3>\n<ul>\n<li>Wenn Sie zufrieden sind, klicken Sie auf die Schaltfl\u00e4che \"<strong>Erledigt<\/strong>Schaltfl\u00e4che \".<\/li>\n<li>Warten Sie, bis RushPDF Ihre Bearbeitungen verarbeitet und abgeschlossen hat.<\/li>\n<\/ul>\n<h3>Schritt 4: Laden Sie Ihr neu organisiertes PDF herunter<\/h3>\n<ul>\n<li>Laden Sie die aktualisierte PDF-Datei auf Ihren Computer herunter und genie\u00dfen Sie Ihr geordnetes Dokument.<\/li>\n<\/ul>\n                <\/div>\r\n            \r\n                    <\/div>\r\n    <\/div>\r\n\r\n\t\t<\/div>\r\n    <\/div>\r\n<\/section>\r\n\n\n\r\n\r\n<section class=\"py-10 lg:py-16  relative block   acf-features\">\r\n\t<div class=\"inside_acf-features\">\r\n\r\n\t\t<div class=\"max-w-screen-xl mx-auto z-10 relative  px-[24px] container\">\r\n    \r\n        \r\n\r\n \r\n\r\n\r\n<h2 class=\"h3 lg:h2 text-center lg:text-center mb-[1em]  font-bold\">\r\n    M\u00fchelos, zuverl\u00e4ssig und sicher<\/h2>\r\n\r\n\r\n    <div id=\"block_3526520be40a5f0af08959056a287c35\">\r\n        \r\n            \r\n                            \r\n\t\t\t\t<div class=\"tab_group active\" data-index=\"0\">\r\n                \r\n                                    <div class=\"flex lg:grid gap-5 mb-12 mt-6 tab-content  lg:grid-cols-3\">\r\n                         \r\n\r\n                            \r\n                                \r\n                                    <div class=\"card  rounded-md\">\r\n                                                                                    <img decoding=\"async\" src=\"https:\/\/rushpdf.com\/wp-content\/uploads\/2024\/08\/ico-merge.svg\" class=\"w-16 h-16 mb-3\" alt=\"Icon f\u00fcr einfache Seitenverwaltung\" \/>\r\n                                                                                <div class=\"flex gap-3 items-center\">\r\n                                                                                        <h4 class=\"h3 font-bold\">Einfache Seitenverwaltung<\/h4>\r\n                                        <\/div>\r\n                                        <p>Verwalten Sie Ihre PDF-Seiten mit Leichtigkeit - ordnen Sie Seiten neu an, drehen Sie sie oder l\u00f6schen Sie sie, ohne das urspr\u00fcngliche Layout, die Bilder oder die Qualit\u00e4t des Inhalts zu beeintr\u00e4chtigen. Mit RushPDF k\u00f6nnen Sie Ihre Dokumente problemlos und stressfrei organisieren, wobei die Integrit\u00e4t Ihrer Dateien erhalten bleibt.<\/p>\r\n                                    <\/div>\r\n                                \r\n                            \r\n                         \r\n\r\n                            \r\n                                \r\n                                    <div class=\"card  rounded-md\">\r\n                                                                                    <img decoding=\"async\" src=\"https:\/\/rushpdf.com\/wp-content\/uploads\/2024\/08\/ico-rearrange.svg\" class=\"w-16 h-16 mb-3\" alt=\"Icon f\u00fcr ger\u00e4te\u00fcbergreifende Kompatibilit\u00e4t\" \/>\r\n                                                                                <div class=\"flex gap-3 items-center\">\r\n                                                                                        <h4 class=\"h3 font-bold\">Ger\u00e4te\u00fcbergreifende Kompatibilit\u00e4t<\/h4>\r\n                                        <\/div>\r\n                                        <p>Egal, ob Sie mit einem Desktop, einem Tablet oder einem Smartphone arbeiten, RushPDF funktioniert nahtlos auf allen Ger\u00e4ten. Genie\u00dfen Sie die Flexibilit\u00e4t, Ihre PDFs jederzeit und \u00fcberall zu organisieren und zu bearbeiten, ohne sich Gedanken \u00fcber Kompatibilit\u00e4tsprobleme machen zu m\u00fcssen.<\/p>\r\n                                    <\/div>\r\n                                \r\n                            \r\n                         \r\n\r\n                            \r\n                                \r\n                                    <div class=\"card  rounded-md\">\r\n                                                                                    <img decoding=\"async\" src=\"https:\/\/rushpdf.com\/wp-content\/uploads\/2024\/08\/sqr-textbox.svg\" class=\"w-16 h-16 mb-3\" alt=\"Symbol f\u00fcr erweiterte Dateisicherheit\" \/>\r\n                                                                                <div class=\"flex gap-3 items-center\">\r\n                                                                                        <h4 class=\"h3 font-bold\">Erweiterte Dateisicherheit<\/h4>\r\n                                        <\/div>\r\n                                        <p>Ihre Privatsph\u00e4re und Sicherheit haben f\u00fcr uns oberste Priorit\u00e4t. Mit modernster Technologie sch\u00fctzt RushPDF Ihre Dateien vor unbefugtem Zugriff und sorgt daf\u00fcr, dass Ihre Dokumente bei allen Bearbeitungs- und Organisationsprozessen sicher bleiben.<\/p>\r\n                                    <\/div>\r\n                                \r\n                            \r\n                                            <\/div>\r\n                \t\t\t\t<\/div>\r\n            \r\n        \r\n        \r\n    <\/div>\r\n\r\n\t\t<\/div>\r\n    <\/div>\r\n<\/section>","protected":false},"excerpt":{"rendered":"","protected":false},"author":10,"featured_media":0,"parent":0,"menu_order":0,"comment_status":"closed","ping_status":"closed","template":"page_templates\/page_builder.php","meta":{"_acf_changed":true,"footnotes":""},"class_list":["post-217","page","type-page","status-publish","hentry"],"acf":[],"yoast_head":"<!-- This site is optimized with the Yoast SEO plugin v23.5 - https:\/\/yoast.com\/wordpress\/plugins\/seo\/ -->\n<title>Organize PDF Pages Online | Rearrange, Rotate, &amp; Delete PDF Pages - RushPDF<\/title>\n<meta name=\"description\" content=\"Effortlessly organize PDF pages with RushPDF. Rearrange, rotate, or delete pages in your PDF file with our intuitive online tool.\" \/>\n<meta name=\"robots\" content=\"index, follow, max-snippet:-1, max-image-preview:large, max-video-preview:-1\" \/>\n<link rel=\"canonical\" href=\"https:\/\/rushpdf.com\/de\/pdf-organisieren\/\" \/>\n<meta property=\"og:locale\" content=\"de_DE\" \/>\n<meta property=\"og:type\" content=\"article\" \/>\n<meta property=\"og:title\" content=\"Organize PDF Pages Online | Rearrange, Rotate, &amp; Delete PDF Pages - RushPDF\" \/>\n<meta property=\"og:description\" content=\"Effortlessly organize PDF pages with RushPDF. Rearrange, rotate, or delete pages in your PDF file with our intuitive online tool.\" \/>\n<meta property=\"og:url\" content=\"https:\/\/rushpdf.com\/de\/pdf-organisieren\/\" \/>\n<meta property=\"og:site_name\" content=\"RushPDF\" \/>\n<meta property=\"article:modified_time\" content=\"2024-12-07T07:07:13+00:00\" \/>\n<meta name=\"twitter:card\" content=\"summary_large_image\" \/>\n<script type=\"application\/ld+json\" class=\"yoast-schema-graph\">{\"@context\":\"https:\/\/schema.org\",\"@graph\":[{\"@type\":\"WebPage\",\"@id\":\"https:\/\/rushpdf.com\/organize-pdf\/\",\"url\":\"https:\/\/rushpdf.com\/organize-pdf\/\",\"name\":\"Organize PDF Pages Online | Rearrange, Rotate, & Delete PDF Pages - RushPDF\",\"isPartOf\":{\"@id\":\"https:\/\/rushpdf.com\/#website\"},\"datePublished\":\"2024-09-11T11:51:29+00:00\",\"dateModified\":\"2024-12-07T07:07:13+00:00\",\"description\":\"Effortlessly organize PDF pages with RushPDF. Rearrange, rotate, or delete pages in your PDF file with our intuitive online tool.\",\"breadcrumb\":{\"@id\":\"https:\/\/rushpdf.com\/organize-pdf\/#breadcrumb\"},\"inLanguage\":\"de\",\"potentialAction\":[{\"@type\":\"ReadAction\",\"target\":[\"https:\/\/rushpdf.com\/organize-pdf\/\"]}]},{\"@type\":\"BreadcrumbList\",\"@id\":\"https:\/\/rushpdf.com\/organize-pdf\/#breadcrumb\",\"itemListElement\":[{\"@type\":\"ListItem\",\"position\":1,\"name\":\"Home\",\"item\":\"https:\/\/rushpdf.com\/\"},{\"@type\":\"ListItem\",\"position\":2,\"name\":\"Organize PDF Pages\"}]},{\"@type\":\"WebSite\",\"@id\":\"https:\/\/rushpdf.com\/#website\",\"url\":\"https:\/\/rushpdf.com\/\",\"name\":\"RushPDF\",\"description\":\"Your SUPER-powered PDF Tools\",\"publisher\":{\"@id\":\"https:\/\/rushpdf.com\/#organization\"},\"potentialAction\":[{\"@type\":\"SearchAction\",\"target\":{\"@type\":\"EntryPoint\",\"urlTemplate\":\"https:\/\/rushpdf.com\/?s={search_term_string}\"},\"query-input\":{\"@type\":\"PropertyValueSpecification\",\"valueRequired\":true,\"valueName\":\"search_term_string\"}}],\"inLanguage\":\"de\"},{\"@type\":\"Organization\",\"@id\":\"https:\/\/rushpdf.com\/#organization\",\"name\":\"RushPDF\",\"url\":\"https:\/\/rushpdf.com\/\",\"logo\":{\"@type\":\"ImageObject\",\"inLanguage\":\"de\",\"@id\":\"https:\/\/rushpdf.com\/#\/schema\/logo\/image\/\",\"url\":\"https:\/\/rushpdf.com\/wp-content\/uploads\/2024\/07\/rushpdf_icon180.png\",\"contentUrl\":\"https:\/\/rushpdf.com\/wp-content\/uploads\/2024\/07\/rushpdf_icon180.png\",\"width\":180,\"height\":180,\"caption\":\"RushPDF\"},\"image\":{\"@id\":\"https:\/\/rushpdf.com\/#\/schema\/logo\/image\/\"}}]}<\/script>\n<!-- \/ Yoast SEO plugin. -->","yoast_head_json":{"title":"Organize PDF Pages Online | Rearrange, Rotate, & Delete PDF Pages - RushPDF","description":"Effortlessly organize PDF pages with RushPDF. Rearrange, rotate, or delete pages in your PDF file with our intuitive online tool.","robots":{"index":"index","follow":"follow","max-snippet":"max-snippet:-1","max-image-preview":"max-image-preview:large","max-video-preview":"max-video-preview:-1"},"canonical":"https:\/\/rushpdf.com\/de\/pdf-organisieren\/","og_locale":"de_DE","og_type":"article","og_title":"Organize PDF Pages Online | Rearrange, Rotate, & Delete PDF Pages - RushPDF","og_description":"Effortlessly organize PDF pages with RushPDF. Rearrange, rotate, or delete pages in your PDF file with our intuitive online tool.","og_url":"https:\/\/rushpdf.com\/de\/pdf-organisieren\/","og_site_name":"RushPDF","article_modified_time":"2024-12-07T07:07:13+00:00","twitter_card":"summary_large_image","schema":{"@context":"https:\/\/schema.org","@graph":[{"@type":"WebPage","@id":"https:\/\/rushpdf.com\/organize-pdf\/","url":"https:\/\/rushpdf.com\/organize-pdf\/","name":"Organize PDF Pages Online | Rearrange, Rotate, & Delete PDF Pages - RushPDF","isPartOf":{"@id":"https:\/\/rushpdf.com\/#website"},"datePublished":"2024-09-11T11:51:29+00:00","dateModified":"2024-12-07T07:07:13+00:00","description":"Effortlessly organize PDF pages with RushPDF. Rearrange, rotate, or delete pages in your PDF file with our intuitive online tool.","breadcrumb":{"@id":"https:\/\/rushpdf.com\/organize-pdf\/#breadcrumb"},"inLanguage":"de","potentialAction":[{"@type":"ReadAction","target":["https:\/\/rushpdf.com\/organize-pdf\/"]}]},{"@type":"BreadcrumbList","@id":"https:\/\/rushpdf.com\/organize-pdf\/#breadcrumb","itemListElement":[{"@type":"ListItem","position":1,"name":"Home","item":"https:\/\/rushpdf.com\/"},{"@type":"ListItem","position":2,"name":"Organize PDF Pages"}]},{"@type":"WebSite","@id":"https:\/\/rushpdf.com\/#website","url":"https:\/\/rushpdf.com\/","name":"RushPDF","description":"Your SUPER-powered PDF Tools","publisher":{"@id":"https:\/\/rushpdf.com\/#organization"},"potentialAction":[{"@type":"SearchAction","target":{"@type":"EntryPoint","urlTemplate":"https:\/\/rushpdf.com\/?s={search_term_string}"},"query-input":{"@type":"PropertyValueSpecification","valueRequired":true,"valueName":"search_term_string"}}],"inLanguage":"de"},{"@type":"Organization","@id":"https:\/\/rushpdf.com\/#organization","name":"RushPDF","url":"https:\/\/rushpdf.com\/","logo":{"@type":"ImageObject","inLanguage":"de","@id":"https:\/\/rushpdf.com\/#\/schema\/logo\/image\/","url":"https:\/\/rushpdf.com\/wp-content\/uploads\/2024\/07\/rushpdf_icon180.png","contentUrl":"https:\/\/rushpdf.com\/wp-content\/uploads\/2024\/07\/rushpdf_icon180.png","width":180,"height":180,"caption":"RushPDF"},"image":{"@id":"https:\/\/rushpdf.com\/#\/schema\/logo\/image\/"}}]}},"_links":{"self":[{"href":"https:\/\/rushpdf.com\/de\/wp-json\/wp\/v2\/pages\/217","targetHints":{"allow":["GET"]}}],"collection":[{"href":"https:\/\/rushpdf.com\/de\/wp-json\/wp\/v2\/pages"}],"about":[{"href":"https:\/\/rushpdf.com\/de\/wp-json\/wp\/v2\/types\/page"}],"author":[{"embeddable":true,"href":"https:\/\/rushpdf.com\/de\/wp-json\/wp\/v2\/users\/10"}],"replies":[{"embeddable":true,"href":"https:\/\/rushpdf.com\/de\/wp-json\/wp\/v2\/comments?post=217"}],"version-history":[{"count":0,"href":"https:\/\/rushpdf.com\/de\/wp-json\/wp\/v2\/pages\/217\/revisions"}],"wp:attachment":[{"href":"https:\/\/rushpdf.com\/de\/wp-json\/wp\/v2\/media?parent=217"}],"curies":[{"name":"wp","href":"https:\/\/api.w.org\/{rel}","templated":true}]}}